{"id":97,"date":"2017-06-02T10:09:04","date_gmt":"2017-06-02T08:09:04","guid":{"rendered":"http:\/\/wp.heimat-mainburg.de\/?page_id=97"},"modified":"2025-03-27T13:48:06","modified_gmt":"2025-03-27T12:48:06","slug":"speisekarte","status":"publish","type":"page","link":"https:\/\/www.heimat-mainburg.de\/en\/cafe-bistro\/speisekarte\/","title":{"rendered":"Speisekarte"},"content":{"rendered":"<h4 style=\"text-align: center;\"><em>Ein gutes Gespr\u00e4ch, sich wohl und aufgehoben f\u00fchlen,<\/em><br \/>\n<em>an einem Ort, die Zeit, Ruhe und Entspannung f\u00fcr jeden bereith\u00e4lt,<\/em><br \/>\n<strong><em>DAS IST F\u00dcR UNS HEIMAT.<\/em><\/strong><\/h4>\n<p style=\"text-align: center;\">Ehrliche Erzeugnisse aus der Natur, veredelt von Menschen<br \/>\nmit Charakter, Namen und Geschichte. Wir zaubern daraus mit Herzblut so<br \/>\nmanch gute K\u00f6stlichkeit, die zu einem gem\u00fctlichen Start in den Tag einladen.\u00a0Die Seele baumeln lassen,<br \/>\nsich selbst verw\u00f6hnen mit Schmankerln, die auch zu Hause genossen werden k\u00f6nnen.<br \/>\nRare Oliven\u00f6le und Salze, Kaffee einer Spezialit\u00e4tenr\u00f6sterei, Traditionsspeck aus S\u00fcdtirol,<br \/>\ngutes Brot.<strong><em><br \/>\n<\/em><\/strong><\/p>\n<p style=\"text-align: center;\"><strong><em>Der Allergene-Ordner liegt bei uns zur Einsicht bereit. Einfach ansprechen!<\/em><\/strong><\/p>\n<p style=\"text-align: center;\"><a href=\"https:\/\/www.heimat-mainburg.de\/wp-content\/uploads\/2025\/03\/2025_Speisekarte-versetzt.pdf\">Hier Speisekarte ansehen &gt;&gt;<\/a><\/p>\n<p style=\"text-align: center;\">\n","protected":false},"excerpt":{"rendered":"<p>Ein gutes Gespr\u00e4ch, sich wohl und aufgehoben f\u00fchlen, an einem Ort, die Zeit, Ruhe und Entspannung f\u00fcr jeden bereith\u00e4lt, DAS IST F\u00dcR UNS HEIMAT. Ehrliche Erzeugnisse aus der Natur, veredelt von Menschen mit Charakter, Namen und Geschichte. Wir zaubern daraus mit Herzblut so manch gute K\u00f6stlichkeit, die zu einem gem\u00fctlichen Start in den Tag einladen.\u00a0Die [&hellip;]<\/p>\n","protected":false},"author":3,"featured_media":124,"parent":2,"menu_order":2,"comment_status":"closed","ping_status":"closed","template":"","meta":[],"translation":{"provider":"WPGlobus","version":"2.10.10","language":"en","enabled_languages":["de","en"],"languages":{"de":{"title":true,"content":true,"excerpt":false},"en":{"title":false,"content":false,"excerpt":false}}},"yoast_head":"<!-- This site is optimized with the Yoast SEO plugin v20.3 - https:\/\/yoast.com\/wordpress\/plugins\/seo\/ -->\n<title>Speisekarte - Heimat Mainburg<\/title>\n<meta name=\"robots\" content=\"index, follow, max-snippet:-1, max-image-preview:large, max-video-preview:-1\" \/>\n<link rel=\"canonical\" href=\"https:\/\/www.heimat-mainburg.de\/cafe-bistro\/speisekarte\/\" \/>\n<meta property=\"og:locale\" content=\"en_US\" \/>\n<meta property=\"og:type\" content=\"article\" \/>\n<meta property=\"og:title\" content=\"Speisekarte - Heimat Mainburg\" \/>\n<meta property=\"og:url\" content=\"https:\/\/www.heimat-mainburg.de\/cafe-bistro\/speisekarte\/\" \/>\n<meta property=\"og:site_name\" content=\"Heimat Mainburg\" \/>\n<meta property=\"article:publisher\" content=\"https:\/\/www.facebook.com\/Heimat.Mainburg\/\" \/>\n<meta property=\"article:modified_time\" content=\"2025-03-27T12:48:06+00:00\" \/>\n<meta property=\"og:image\" content=\"https:\/\/www.heimat-mainburg.de\/wp-content\/uploads\/2017\/06\/Heimat-Tischreservierung.jpg\" \/>\n\t<meta property=\"og:image:width\" content=\"2500\" \/>\n\t<meta property=\"og:image:height\" content=\"1667\" \/>\n\t<meta property=\"og:image:type\" content=\"image\/jpeg\" \/>\n<meta name=\"twitter:card\" content=\"summary_large_image\" \/>\n<meta name=\"twitter:label1\" content=\"Est. reading time\" \/>\n\t<meta name=\"twitter:data1\" content=\"1 minute\" \/>\n<script type=\"application\/ld+json\" class=\"yoast-schema-graph\">{\"@context\":\"https:\/\/schema.org\",\"@graph\":[{\"@type\":\"WebPage\",\"@id\":\"https:\/\/www.heimat-mainburg.de\/cafe-bistro\/speisekarte\/\",\"url\":\"https:\/\/www.heimat-mainburg.de\/cafe-bistro\/speisekarte\/\",\"name\":\"Speisekarte - Heimat Mainburg\",\"isPartOf\":{\"@id\":\"https:\/\/www.heimat-mainburg.de\/#website\"},\"datePublished\":\"2017-06-02T08:09:04+00:00\",\"dateModified\":\"2025-03-27T12:48:06+00:00\",\"breadcrumb\":{\"@id\":\"https:\/\/www.heimat-mainburg.de\/cafe-bistro\/speisekarte\/#breadcrumb\"},\"inLanguage\":\"en-US\",\"potentialAction\":[{\"@type\":\"ReadAction\",\"target\":[\"https:\/\/www.heimat-mainburg.de\/cafe-bistro\/speisekarte\/\"]}]},{\"@type\":\"BreadcrumbList\",\"@id\":\"https:\/\/www.heimat-mainburg.de\/cafe-bistro\/speisekarte\/#breadcrumb\",\"itemListElement\":[{\"@type\":\"ListItem\",\"position\":1,\"name\":\"Home\",\"item\":\"https:\/\/www.heimat-mainburg.de\/\"},{\"@type\":\"ListItem\",\"position\":2,\"name\":\"Cafe &#038; Weinbar\",\"item\":\"https:\/\/www.heimat-mainburg.de\/cafe-bistro\/\"},{\"@type\":\"ListItem\",\"position\":3,\"name\":\"Speisekarte\"}]},{\"@type\":\"WebSite\",\"@id\":\"https:\/\/www.heimat-mainburg.de\/#website\",\"url\":\"https:\/\/www.heimat-mainburg.de\/\",\"name\":\"Heimat Mainburg\",\"description\":\"\",\"publisher\":{\"@id\":\"https:\/\/www.heimat-mainburg.de\/#organization\"},\"potentialAction\":[{\"@type\":\"SearchAction\",\"target\":{\"@type\":\"EntryPoint\",\"urlTemplate\":\"https:\/\/www.heimat-mainburg.de\/?s={search_term_string}\"},\"query-input\":\"required name=search_term_string\"}],\"inLanguage\":\"en-US\"},{\"@type\":\"Organization\",\"@id\":\"https:\/\/www.heimat-mainburg.de\/#organization\",\"name\":\"HEIMAT Mainburg - Stanglmeier Gastro GbR\",\"url\":\"https:\/\/www.heimat-mainburg.de\/\",\"logo\":{\"@type\":\"ImageObject\",\"inLanguage\":\"en-US\",\"@id\":\"https:\/\/www.heimat-mainburg.de\/#\/schema\/logo\/image\/\",\"url\":\"https:\/\/www.heimat-mainburg.de\/wp-content\/uploads\/2017\/06\/Heimat-Quadrat.jpg\",\"contentUrl\":\"https:\/\/www.heimat-mainburg.de\/wp-content\/uploads\/2017\/06\/Heimat-Quadrat.jpg\",\"width\":1479,\"height\":1479,\"caption\":\"HEIMAT Mainburg - Stanglmeier Gastro GbR\"},\"image\":{\"@id\":\"https:\/\/www.heimat-mainburg.de\/#\/schema\/logo\/image\/\"},\"sameAs\":[\"https:\/\/www.facebook.com\/Heimat.Mainburg\/\",\"https:\/\/www.instagram.com\/heimat.mainburg\/\"]}]}<\/script>\n<!-- \/ Yoast SEO plugin. -->","yoast_head_json":{"title":"Speisekarte - Heimat Mainburg","robots":{"index":"index","follow":"follow","max-snippet":"max-snippet:-1","max-image-preview":"max-image-preview:large","max-video-preview":"max-video-preview:-1"},"canonical":"https:\/\/www.heimat-mainburg.de\/cafe-bistro\/speisekarte\/","og_locale":"en_US","og_type":"article","og_title":"Speisekarte - Heimat Mainburg","og_url":"https:\/\/www.heimat-mainburg.de\/cafe-bistro\/speisekarte\/","og_site_name":"Heimat Mainburg","article_publisher":"https:\/\/www.facebook.com\/Heimat.Mainburg\/","article_modified_time":"2025-03-27T12:48:06+00:00","og_image":[{"width":2500,"height":1667,"url":"https:\/\/www.heimat-mainburg.de\/wp-content\/uploads\/2017\/06\/Heimat-Tischreservierung.jpg","type":"image\/jpeg"}],"twitter_card":"summary_large_image","twitter_misc":{"Est. reading time":"1 minute"},"schema":{"@context":"https:\/\/schema.org","@graph":[{"@type":"WebPage","@id":"https:\/\/www.heimat-mainburg.de\/cafe-bistro\/speisekarte\/","url":"https:\/\/www.heimat-mainburg.de\/cafe-bistro\/speisekarte\/","name":"Speisekarte - Heimat Mainburg","isPartOf":{"@id":"https:\/\/www.heimat-mainburg.de\/#website"},"datePublished":"2017-06-02T08:09:04+00:00","dateModified":"2025-03-27T12:48:06+00:00","breadcrumb":{"@id":"https:\/\/www.heimat-mainburg.de\/cafe-bistro\/speisekarte\/#breadcrumb"},"inLanguage":"en-US","potentialAction":[{"@type":"ReadAction","target":["https:\/\/www.heimat-mainburg.de\/cafe-bistro\/speisekarte\/"]}]},{"@type":"BreadcrumbList","@id":"https:\/\/www.heimat-mainburg.de\/cafe-bistro\/speisekarte\/#breadcrumb","itemListElement":[{"@type":"ListItem","position":1,"name":"Home","item":"https:\/\/www.heimat-mainburg.de\/"},{"@type":"ListItem","position":2,"name":"Cafe &#038; Weinbar","item":"https:\/\/www.heimat-mainburg.de\/cafe-bistro\/"},{"@type":"ListItem","position":3,"name":"Speisekarte"}]},{"@type":"WebSite","@id":"https:\/\/www.heimat-mainburg.de\/#website","url":"https:\/\/www.heimat-mainburg.de\/","name":"Heimat Mainburg","description":"","publisher":{"@id":"https:\/\/www.heimat-mainburg.de\/#organization"},"potentialAction":[{"@type":"SearchAction","target":{"@type":"EntryPoint","urlTemplate":"https:\/\/www.heimat-mainburg.de\/?s={search_term_string}"},"query-input":"required name=search_term_string"}],"inLanguage":"en-US"},{"@type":"Organization","@id":"https:\/\/www.heimat-mainburg.de\/#organization","name":"HEIMAT Mainburg - Stanglmeier Gastro GbR","url":"https:\/\/www.heimat-mainburg.de\/","logo":{"@type":"ImageObject","inLanguage":"en-US","@id":"https:\/\/www.heimat-mainburg.de\/#\/schema\/logo\/image\/","url":"https:\/\/www.heimat-mainburg.de\/wp-content\/uploads\/2017\/06\/Heimat-Quadrat.jpg","contentUrl":"https:\/\/www.heimat-mainburg.de\/wp-content\/uploads\/2017\/06\/Heimat-Quadrat.jpg","width":1479,"height":1479,"caption":"HEIMAT Mainburg - Stanglmeier Gastro GbR"},"image":{"@id":"https:\/\/www.heimat-mainburg.de\/#\/schema\/logo\/image\/"},"sameAs":["https:\/\/www.facebook.com\/Heimat.Mainburg\/","https:\/\/www.instagram.com\/heimat.mainburg\/"]}]}},"_links":{"self":[{"href":"https:\/\/www.heimat-mainburg.de\/en\/wp-json\/wp\/v2\/pages\/97"}],"collection":[{"href":"https:\/\/www.heimat-mainburg.de\/en\/wp-json\/wp\/v2\/pages"}],"about":[{"href":"https:\/\/www.heimat-mainburg.de\/en\/wp-json\/wp\/v2\/types\/page"}],"author":[{"embeddable":true,"href":"https:\/\/www.heimat-mainburg.de\/en\/wp-json\/wp\/v2\/users\/3"}],"replies":[{"embeddable":true,"href":"https:\/\/www.heimat-mainburg.de\/en\/wp-json\/wp\/v2\/comments?post=97"}],"version-history":[{"count":121,"href":"https:\/\/www.heimat-mainburg.de\/en\/wp-json\/wp\/v2\/pages\/97\/revisions"}],"predecessor-version":[{"id":1325,"href":"https:\/\/www.heimat-mainburg.de\/en\/wp-json\/wp\/v2\/pages\/97\/revisions\/1325"}],"up":[{"embeddable":true,"href":"https:\/\/www.heimat-mainburg.de\/en\/wp-json\/wp\/v2\/pages\/2"}],"wp:featuredmedia":[{"embeddable":true,"href":"https:\/\/www.heimat-mainburg.de\/en\/wp-json\/wp\/v2\/media\/124"}],"wp:attachment":[{"href":"https:\/\/www.heimat-mainburg.de\/en\/wp-json\/wp\/v2\/media?parent=97"}],"curies":[{"name":"wp","href":"https:\/\/api.w.org\/{rel}","templated":true}]}}