{"id":9,"date":"2017-03-02T08:05:50","date_gmt":"2017-03-02T07:05:50","guid":{"rendered":"http:\/\/wp.heimat-mainburg.de\/?page_id=9"},"modified":"2020-06-29T10:09:23","modified_gmt":"2020-06-29T08:09:23","slug":"hotel","status":"publish","type":"page","link":"https:\/\/www.heimat-mainburg.de\/en\/hotel\/","title":{"rendered":"Hotel"},"content":{"rendered":"<h2><strong>HEIMAT ist da, wo ich mich wohlf\u00fchle. Auch unterwegs.<\/strong><\/h2>\n<p><code id=\"envira_shortcode_id_32\"><div id=\"envira-gallery-wrap-257\" class=\"envira-gallery-wrap envira-gallery-theme-base envira-lightbox-theme-base\" itemscope itemtype=\"https:\/\/schema.org\/ImageGallery\"><div data-row-height=\"\" data-gallery-theme=\"\" id=\"envira-gallery-257\" class=\"envira-gallery-public  envira-gallery-3-columns envira-clear enviratope envira-gallery-css-animations\" data-envira-columns=\"3\"><div id=\"envira-gallery-item-392\" class=\"envira-gallery-item enviratope-item envira-gallery-item-1 envira-lazy-load\" style=\"padding-left: 5px; padding-bottom: 10px; padding-right: 5px;\"  itemscope itemtype=\"https:\/\/schema.org\/ImageObject\"><div class=\"envira-gallery-item-inner\"><div class=\"envira-gallery-position-overlay  envira-gallery-top-left\"><\/div><div class=\"envira-gallery-position-overlay  envira-gallery-top-right\"><\/div><div class=\"envira-gallery-position-overlay  envira-gallery-bottom-left\"><\/div><div class=\"envira-gallery-position-overlay  envira-gallery-bottom-right\"><\/div><a href=\"https:\/\/www.heimat-mainburg.de\/wp-content\/uploads\/2017\/06\/Impressionen-Boardinghouse-3-1.jpg\" class=\"envira-gallery-257 envira-gallery-link\" rel=\"enviragallery257\" title=\"Impressionen-Boardinghouse-3\" data-envira-caption=\"Impressionen-Boardinghouse-3\" data-envira-retina=\"\" data-thumbnail=\"\"  itemprop=\"contentUrl\"><div class=\"envira-lazy\" data-test-width=\"640\" data-test-height=\"480\" style=\"padding-bottom:75%;\"><img id=\"envira-gallery-image-392\" class=\"envira-gallery-image envira-gallery-image-1\" data-envira-index=\"1\" src=\"https:\/\/www.heimat-mainburg.de\/wp-content\/uploads\/2017\/06\/Impressionen-Boardinghouse-3-1-300x200.jpg\" data-envira-src=\"https:\/\/www.heimat-mainburg.de\/wp-content\/uploads\/2017\/06\/Impressionen-Boardinghouse-3-1-300x200.jpg\" data-envira-gallery-id=\"257\" data-envira-item-id=\"392\" data-envira-caption=\"Impressionen-Boardinghouse-3\" alt=\"\" title=\"Impressionen-Boardinghouse-3\"  itemprop=\"thumbnailUrl\" data-envira-srcset=\"https:\/\/www.heimat-mainburg.de\/wp-content\/uploads\/2017\/06\/Impressionen-Boardinghouse-3-1-300x200.jpg 400w,https:\/\/www.heimat-mainburg.de\/wp-content\/uploads\/2017\/06\/Impressionen-Boardinghouse-3-1-300x200.jpg 2x\" srcset=\"data:image\/gif;base64,R0lGODlhAQABAIAAAP\/\/\/\/\/\/\/yH5BAEKAAEALAAAAAABAAEAAAICTAEAOw==\" \/><\/div><\/a><\/div><\/div><div id=\"envira-gallery-item-390\" class=\"envira-gallery-item enviratope-item envira-gallery-item-2 envira-lazy-load\" style=\"padding-left: 5px; padding-bottom: 10px; padding-right: 5px;\"  itemscope itemtype=\"https:\/\/schema.org\/ImageObject\"><div class=\"envira-gallery-item-inner\"><div class=\"envira-gallery-position-overlay  envira-gallery-top-left\"><\/div><div class=\"envira-gallery-position-overlay  envira-gallery-top-right\"><\/div><div class=\"envira-gallery-position-overlay  envira-gallery-bottom-left\"><\/div><div class=\"envira-gallery-position-overlay  envira-gallery-bottom-right\"><\/div><a href=\"https:\/\/www.heimat-mainburg.de\/wp-content\/uploads\/2017\/06\/Impressionen-Boardinghouse-1-1.jpg\" class=\"envira-gallery-257 envira-gallery-link\" rel=\"enviragallery257\" title=\"Impressionen-Boardinghouse-1\" data-envira-caption=\"Impressionen-Boardinghouse-1\" data-envira-retina=\"\" data-thumbnail=\"\"  itemprop=\"contentUrl\"><div class=\"envira-lazy\" data-test-width=\"640\" data-test-height=\"480\" style=\"padding-bottom:75%;\"><img id=\"envira-gallery-image-390\" class=\"envira-gallery-image envira-gallery-image-2\" data-envira-index=\"2\" src=\"https:\/\/www.heimat-mainburg.de\/wp-content\/uploads\/2017\/06\/Impressionen-Boardinghouse-1-1-300x200.jpg\" data-envira-src=\"https:\/\/www.heimat-mainburg.de\/wp-content\/uploads\/2017\/06\/Impressionen-Boardinghouse-1-1-300x200.jpg\" data-envira-gallery-id=\"257\" data-envira-item-id=\"390\" data-envira-caption=\"Impressionen-Boardinghouse-1\" alt=\"\" title=\"Impressionen-Boardinghouse-1\"  itemprop=\"thumbnailUrl\" data-envira-srcset=\"https:\/\/www.heimat-mainburg.de\/wp-content\/uploads\/2017\/06\/Impressionen-Boardinghouse-1-1-300x200.jpg 400w,https:\/\/www.heimat-mainburg.de\/wp-content\/uploads\/2017\/06\/Impressionen-Boardinghouse-1-1-300x200.jpg 2x\" srcset=\"data:image\/gif;base64,R0lGODlhAQABAIAAAP\/\/\/\/\/\/\/yH5BAEKAAEALAAAAAABAAEAAAICTAEAOw==\" \/><\/div><\/a><\/div><\/div><div id=\"envira-gallery-item-391\" class=\"envira-gallery-item enviratope-item envira-gallery-item-3 envira-lazy-load\" style=\"padding-left: 5px; padding-bottom: 10px; padding-right: 5px;\"  itemscope itemtype=\"https:\/\/schema.org\/ImageObject\"><div class=\"envira-gallery-item-inner\"><div class=\"envira-gallery-position-overlay  envira-gallery-top-left\"><\/div><div class=\"envira-gallery-position-overlay  envira-gallery-top-right\"><\/div><div class=\"envira-gallery-position-overlay  envira-gallery-bottom-left\"><\/div><div class=\"envira-gallery-position-overlay  envira-gallery-bottom-right\"><\/div><a href=\"https:\/\/www.heimat-mainburg.de\/wp-content\/uploads\/2017\/06\/Impressionen-Boardinghouse-2-1.jpg\" class=\"envira-gallery-257 envira-gallery-link\" rel=\"enviragallery257\" title=\"Impressionen-Boardinghouse-2\" data-envira-caption=\"Impressionen-Boardinghouse-2\" data-envira-retina=\"\" data-thumbnail=\"\"  itemprop=\"contentUrl\"><div class=\"envira-lazy\" data-test-width=\"640\" data-test-height=\"480\" style=\"padding-bottom:75%;\"><img id=\"envira-gallery-image-391\" class=\"envira-gallery-image envira-gallery-image-3\" data-envira-index=\"3\" src=\"https:\/\/www.heimat-mainburg.de\/wp-content\/uploads\/2017\/06\/Impressionen-Boardinghouse-2-1-300x200.jpg\" data-envira-src=\"https:\/\/www.heimat-mainburg.de\/wp-content\/uploads\/2017\/06\/Impressionen-Boardinghouse-2-1-300x200.jpg\" data-envira-gallery-id=\"257\" data-envira-item-id=\"391\" data-envira-caption=\"Impressionen-Boardinghouse-2\" alt=\"\" title=\"Impressionen-Boardinghouse-2\"  itemprop=\"thumbnailUrl\" data-envira-srcset=\"https:\/\/www.heimat-mainburg.de\/wp-content\/uploads\/2017\/06\/Impressionen-Boardinghouse-2-1-300x200.jpg 400w,https:\/\/www.heimat-mainburg.de\/wp-content\/uploads\/2017\/06\/Impressionen-Boardinghouse-2-1-300x200.jpg 2x\" srcset=\"data:image\/gif;base64,R0lGODlhAQABAIAAAP\/\/\/\/\/\/\/yH5BAEKAAEALAAAAAABAAEAAAICTAEAOw==\" \/><\/div><\/a><\/div><\/div><\/div><\/div><noscript><img src=\"https:\/\/www.heimat-mainburg.de\/wp-content\/uploads\/2017\/06\/Impressionen-Boardinghouse-3-1.jpg\" alt=\"\" \/><img src=\"https:\/\/www.heimat-mainburg.de\/wp-content\/uploads\/2017\/06\/Impressionen-Boardinghouse-1-1.jpg\" alt=\"\" \/><img src=\"https:\/\/www.heimat-mainburg.de\/wp-content\/uploads\/2017\/06\/Impressionen-Boardinghouse-2-1.jpg\" alt=\"\" \/><\/noscript><\/code><\/p>\n<p>Unser Boardinghouse ist ein Hotel, nur ein bisschen besser: in der HEIMAT warten 13 gem\u00fctliche Zimmer auf alle, die auch in der Ferne einen Platz zum Ankommen brauchen und Geborgenheit suchen. Unsere liebevoll eingerichteten Zimmer mit den wichtigsten Annehmlichkeiten f\u00fcr den Alltag erlauben es unseren G\u00e4sten, ihren Lebensstil so individuell wie m\u00f6glich zu pflegen und die Vorteile eines Hotels zu genie\u00dfen. In aller Ruhe und Gem\u00fctlichkeit. Unser <a href=\"https:\/\/www.heimat-mainburg.de\/cafe-bistro\/\">Caf\u00e9\u00a0\u2022 Weinbar<\/a> im gleichen Geb\u00e4ude bietet Ihnen au\u00dferdem die komfortable M\u00f6glichkeit, ein Verw\u00f6hn-Fr\u00fchst\u00fcck oder ein leckeres Abendessen zu genie\u00dfen.<\/p>\n<p>Von einer Nacht bis zu mehreren Monaten, vom Urlaub bis zum Business-Aufenthalt, vom Genie\u00dfer bis zum Workaholic \u2013 f\u00fcr jeden G\u00e4stetyp haben wir das richtige Wohnmodell im Angebot. Wir sind genau der richtige Ansprechpartner, wenn Sie ein Hotel, Boardinghouse, Wohnen auf Zeit oder Serviced Appartments suchen.<\/p>\n<h3><span style=\"color: #ffffff;\"><strong><a style=\"color: #ffffff;\" href=\"https:\/\/www.heimat-mainburg.de\/hotel\/anfrage\/\">\u25ba \u00a0jetzt Anfrage senden\u00a0<\/a><\/strong><\/span><\/h3>\n<h4>Unsere Leistungen:<\/h4>\n<ul>\n<li>gehobene harmonische Ausstattung<\/li>\n<li>11 Doppelzimmer, 1 Dachwohnung mit Boxspringbetten mit zwei separaten Matratzen, Breite 2 x 90cm bzw. 2 x 100cm,\u00a01 Einzelzimmer mit Boxspringbett, Breite 120cm<\/li>\n<li>Doppelzimmer zur Alleinbelegung m\u00f6glich<\/li>\n<li>Kitchenette inkl. K\u00fcchenutensilien (K\u00fchlschrank, Kaffeemaschine, Sp\u00fclbecken, Herd)<\/li>\n<li>Parkettboden, Fu\u00dfbodenheizung<\/li>\n<li>Gro\u00dfz\u00fcgiges Bad mit ebenerdiger Komfortdusche und F\u00f6n<\/li>\n<li>Handt\u00fccher vorhanden<\/li>\n<li>Kleiderschrank &amp; Regale in Bad und Zimmer \u2013 viel Platz zur Aufbewahrung<\/li>\n<li>Smart-TV mit SAT-Anschluss<\/li>\n<li>Kostenloses WLAN<\/li>\n<li>Waschmaschinen &amp; Trockner im OG (gegen Aufpreis)<\/li>\n<li>t\u00e4gliche Reinigung und W\u00e4schewechsel bei Bedarf<\/li>\n<li>ab einem Aufenthalt von 7 N\u00e4chten und mehr: Reinigung und W\u00e4schewechsel 1 x pro Woche inklusive<\/li>\n<li>Nichtraucher-Hotel<\/li>\n<li>Gem\u00fctliches Caf\u00e9 \u2013 Bistro \u2013 Weinbar im EG (Verzehr nicht inkl.)<\/li>\n<li>Rezeption besetzt zu den \u00d6ffnungszeiten des Bistros<\/li>\n<li>CheckIn rund um die Uhr m\u00f6glich mittels Smartphone-App<\/li>\n<li>Zimmerbezug ab 13:00 Uhr, CheckOut 10:00 Uhr<\/li>\n<\/ul>\n<p><span style=\"color: #ffffff;\"><strong><a style=\"color: #ffffff;\" href=\"https:\/\/www.heimat-mainburg.de\/hotel\/anfrage\/\">\u25ba \u00a0jetzt Anfrage senden\u00a0<\/a><\/strong><\/span><\/p>\n<p><span style=\"color: #ffffff;\"><strong><a style=\"color: #ffffff;\" href=\"https:\/\/www.heimat-mainburg.de\/hotel\/preise-buchung\/\">\u25ba \u00a0Preise<\/a><\/strong><\/span><\/p>\n","protected":false},"excerpt":{"rendered":"<p>HEIMAT ist da, wo ich mich wohlf\u00fchle. Auch unterwegs. Unser Boardinghouse ist ein Hotel, nur ein bisschen besser: in der HEIMAT warten 13 gem\u00fctliche Zimmer auf alle, die auch in der Ferne einen Platz zum Ankommen brauchen und Geborgenheit suchen. Unsere liebevoll eingerichteten Zimmer mit den wichtigsten Annehmlichkeiten f\u00fcr den Alltag erlauben es unseren G\u00e4sten, [&hellip;]<\/p>\n","protected":false},"author":1,"featured_media":387,"parent":0,"menu_order":0,"comment_status":"closed","ping_status":"closed","template":"","meta":[],"translation":{"provider":"WPGlobus","version":"2.10.10","language":"en","enabled_languages":["de","en"],"languages":{"de":{"title":true,"content":true,"excerpt":false},"en":{"title":false,"content":false,"excerpt":false}}},"yoast_head":"<!-- This site is optimized with the Yoast SEO plugin v20.3 - https:\/\/yoast.com\/wordpress\/plugins\/seo\/ -->\n<title>Hotel &amp; Boardinghouse - HEIMAT Mainburg<\/title>\n<meta name=\"robots\" content=\"index, follow, max-snippet:-1, max-image-preview:large, max-video-preview:-1\" \/>\n<link rel=\"canonical\" href=\"https:\/\/www.heimat-mainburg.de\/hotel\/\" \/>\n<meta property=\"og:locale\" content=\"en_US\" \/>\n<meta property=\"og:type\" content=\"article\" \/>\n<meta property=\"og:title\" content=\"Hotel &amp; Boardinghouse - HEIMAT Mainburg\" \/>\n<meta property=\"og:url\" content=\"https:\/\/www.heimat-mainburg.de\/hotel\/\" \/>\n<meta property=\"og:site_name\" content=\"Heimat Mainburg\" \/>\n<meta property=\"article:publisher\" content=\"https:\/\/www.facebook.com\/Heimat.Mainburg\/\" \/>\n<meta property=\"article:modified_time\" content=\"2020-06-29T08:09:23+00:00\" \/>\n<meta property=\"og:image\" content=\"https:\/\/www.heimat-mainburg.de\/wp-content\/uploads\/2017\/08\/Heimat-Hotel.jpg\" \/>\n\t<meta property=\"og:image:width\" content=\"2500\" \/>\n\t<meta property=\"og:image:height\" content=\"1666\" \/>\n\t<meta property=\"og:image:type\" content=\"image\/jpeg\" \/>\n<meta name=\"twitter:card\" content=\"summary_large_image\" \/>\n<meta name=\"twitter:label1\" content=\"Est. reading time\" \/>\n\t<meta name=\"twitter:data1\" content=\"1 minute\" \/>\n<script type=\"application\/ld+json\" class=\"yoast-schema-graph\">{\"@context\":\"https:\/\/schema.org\",\"@graph\":[{\"@type\":\"WebPage\",\"@id\":\"https:\/\/www.heimat-mainburg.de\/hotel\/\",\"url\":\"https:\/\/www.heimat-mainburg.de\/hotel\/\",\"name\":\"Hotel & Boardinghouse - HEIMAT Mainburg\",\"isPartOf\":{\"@id\":\"https:\/\/www.heimat-mainburg.de\/#website\"},\"datePublished\":\"2017-03-02T07:05:50+00:00\",\"dateModified\":\"2020-06-29T08:09:23+00:00\",\"description\":\"13 gem\u00fctliche Zimmer im Boarding House f\u00fcr kurze Aufenthalte oder Wohnen auf Zeit; mit Bistro, Caf\u00e9 & Weinladen im EG. Ideal f\u00fcr Gesch\u00e4ftsreisende!\",\"breadcrumb\":{\"@id\":\"https:\/\/www.heimat-mainburg.de\/hotel\/#breadcrumb\"},\"inLanguage\":\"en-US\",\"potentialAction\":[{\"@type\":\"ReadAction\",\"target\":[\"https:\/\/www.heimat-mainburg.de\/hotel\/\"]}]},{\"@type\":\"BreadcrumbList\",\"@id\":\"https:\/\/www.heimat-mainburg.de\/hotel\/#breadcrumb\",\"itemListElement\":[{\"@type\":\"ListItem\",\"position\":1,\"name\":\"Home\",\"item\":\"https:\/\/www.heimat-mainburg.de\/\"},{\"@type\":\"ListItem\",\"position\":2,\"name\":\"Hotel\"}]},{\"@type\":\"WebSite\",\"@id\":\"https:\/\/www.heimat-mainburg.de\/#website\",\"url\":\"https:\/\/www.heimat-mainburg.de\/\",\"name\":\"Heimat Mainburg\",\"description\":\"\",\"publisher\":{\"@id\":\"https:\/\/www.heimat-mainburg.de\/#organization\"},\"potentialAction\":[{\"@type\":\"SearchAction\",\"target\":{\"@type\":\"EntryPoint\",\"urlTemplate\":\"https:\/\/www.heimat-mainburg.de\/?s={search_term_string}\"},\"query-input\":\"required name=search_term_string\"}],\"inLanguage\":\"en-US\"},{\"@type\":\"Organization\",\"@id\":\"https:\/\/www.heimat-mainburg.de\/#organization\",\"name\":\"HEIMAT Mainburg - Stanglmeier Gastro GbR\",\"url\":\"https:\/\/www.heimat-mainburg.de\/\",\"logo\":{\"@type\":\"ImageObject\",\"inLanguage\":\"en-US\",\"@id\":\"https:\/\/www.heimat-mainburg.de\/#\/schema\/logo\/image\/\",\"url\":\"https:\/\/www.heimat-mainburg.de\/wp-content\/uploads\/2017\/06\/Heimat-Quadrat.jpg\",\"contentUrl\":\"https:\/\/www.heimat-mainburg.de\/wp-content\/uploads\/2017\/06\/Heimat-Quadrat.jpg\",\"width\":1479,\"height\":1479,\"caption\":\"HEIMAT Mainburg - Stanglmeier Gastro GbR\"},\"image\":{\"@id\":\"https:\/\/www.heimat-mainburg.de\/#\/schema\/logo\/image\/\"},\"sameAs\":[\"https:\/\/www.facebook.com\/Heimat.Mainburg\/\",\"https:\/\/www.instagram.com\/heimat.mainburg\/\"]}]}<\/script>\n<!-- \/ Yoast SEO plugin. -->","yoast_head_json":{"title":"Hotel & Boardinghouse - HEIMAT Mainburg","robots":{"index":"index","follow":"follow","max-snippet":"max-snippet:-1","max-image-preview":"max-image-preview:large","max-video-preview":"max-video-preview:-1"},"canonical":"https:\/\/www.heimat-mainburg.de\/hotel\/","og_locale":"en_US","og_type":"article","og_title":"Hotel & Boardinghouse - HEIMAT Mainburg","og_url":"https:\/\/www.heimat-mainburg.de\/hotel\/","og_site_name":"Heimat Mainburg","article_publisher":"https:\/\/www.facebook.com\/Heimat.Mainburg\/","article_modified_time":"2020-06-29T08:09:23+00:00","og_image":[{"width":2500,"height":1666,"url":"https:\/\/www.heimat-mainburg.de\/wp-content\/uploads\/2017\/08\/Heimat-Hotel.jpg","type":"image\/jpeg"}],"twitter_card":"summary_large_image","twitter_misc":{"Est. reading time":"1 minute"},"schema":{"@context":"https:\/\/schema.org","@graph":[{"@type":"WebPage","@id":"https:\/\/www.heimat-mainburg.de\/hotel\/","url":"https:\/\/www.heimat-mainburg.de\/hotel\/","name":"Hotel & Boardinghouse - HEIMAT Mainburg","isPartOf":{"@id":"https:\/\/www.heimat-mainburg.de\/#website"},"datePublished":"2017-03-02T07:05:50+00:00","dateModified":"2020-06-29T08:09:23+00:00","description":"13 gem\u00fctliche Zimmer im Boarding House f\u00fcr kurze Aufenthalte oder Wohnen auf Zeit; mit Bistro, Caf\u00e9 & Weinladen im EG. Ideal f\u00fcr Gesch\u00e4ftsreisende!","breadcrumb":{"@id":"https:\/\/www.heimat-mainburg.de\/hotel\/#breadcrumb"},"inLanguage":"en-US","potentialAction":[{"@type":"ReadAction","target":["https:\/\/www.heimat-mainburg.de\/hotel\/"]}]},{"@type":"BreadcrumbList","@id":"https:\/\/www.heimat-mainburg.de\/hotel\/#breadcrumb","itemListElement":[{"@type":"ListItem","position":1,"name":"Home","item":"https:\/\/www.heimat-mainburg.de\/"},{"@type":"ListItem","position":2,"name":"Hotel"}]},{"@type":"WebSite","@id":"https:\/\/www.heimat-mainburg.de\/#website","url":"https:\/\/www.heimat-mainburg.de\/","name":"Heimat Mainburg","description":"","publisher":{"@id":"https:\/\/www.heimat-mainburg.de\/#organization"},"potentialAction":[{"@type":"SearchAction","target":{"@type":"EntryPoint","urlTemplate":"https:\/\/www.heimat-mainburg.de\/?s={search_term_string}"},"query-input":"required name=search_term_string"}],"inLanguage":"en-US"},{"@type":"Organization","@id":"https:\/\/www.heimat-mainburg.de\/#organization","name":"HEIMAT Mainburg - Stanglmeier Gastro GbR","url":"https:\/\/www.heimat-mainburg.de\/","logo":{"@type":"ImageObject","inLanguage":"en-US","@id":"https:\/\/www.heimat-mainburg.de\/#\/schema\/logo\/image\/","url":"https:\/\/www.heimat-mainburg.de\/wp-content\/uploads\/2017\/06\/Heimat-Quadrat.jpg","contentUrl":"https:\/\/www.heimat-mainburg.de\/wp-content\/uploads\/2017\/06\/Heimat-Quadrat.jpg","width":1479,"height":1479,"caption":"HEIMAT Mainburg - Stanglmeier Gastro GbR"},"image":{"@id":"https:\/\/www.heimat-mainburg.de\/#\/schema\/logo\/image\/"},"sameAs":["https:\/\/www.facebook.com\/Heimat.Mainburg\/","https:\/\/www.instagram.com\/heimat.mainburg\/"]}]}},"_links":{"self":[{"href":"https:\/\/www.heimat-mainburg.de\/en\/wp-json\/wp\/v2\/pages\/9"}],"collection":[{"href":"https:\/\/www.heimat-mainburg.de\/en\/wp-json\/wp\/v2\/pages"}],"about":[{"href":"https:\/\/www.heimat-mainburg.de\/en\/wp-json\/wp\/v2\/types\/page"}],"author":[{"embeddable":true,"href":"https:\/\/www.heimat-mainburg.de\/en\/wp-json\/wp\/v2\/users\/1"}],"replies":[{"embeddable":true,"href":"https:\/\/www.heimat-mainburg.de\/en\/wp-json\/wp\/v2\/comments?post=9"}],"version-history":[{"count":41,"href":"https:\/\/www.heimat-mainburg.de\/en\/wp-json\/wp\/v2\/pages\/9\/revisions"}],"predecessor-version":[{"id":1193,"href":"https:\/\/www.heimat-mainburg.de\/en\/wp-json\/wp\/v2\/pages\/9\/revisions\/1193"}],"wp:featuredmedia":[{"embeddable":true,"href":"https:\/\/www.heimat-mainburg.de\/en\/wp-json\/wp\/v2\/media\/387"}],"wp:attachment":[{"href":"https:\/\/www.heimat-mainburg.de\/en\/wp-json\/wp\/v2\/media?parent=9"}],"curies":[{"name":"wp","href":"https:\/\/api.w.org\/{rel}","templated":true}]}}