{"id":7,"date":"2017-03-02T08:05:17","date_gmt":"2017-03-02T07:05:17","guid":{"rendered":"http:\/\/wp.heimat-mainburg.de\/?page_id=7"},"modified":"2022-04-28T12:32:43","modified_gmt":"2022-04-28T10:32:43","slug":"weinladen","status":"publish","type":"page","link":"https:\/\/www.heimat-mainburg.de\/en\/weinladen\/","title":{"rendered":"Wein- &#038; Spezialit\u00e4tenladen"},"content":{"rendered":"<h2><strong>HEIMAT ist da, wo das Besondere zuhause ist.<\/strong><\/h2>\n<h2>Ihr Wein- &amp; Spezialit\u00e4tenladen in Mainburg<\/h2>\n<div id=\"envira-gallery-wrap-158\" class=\"envira-gallery-wrap envira-gallery-theme-base envira-lightbox-theme-base\" itemscope itemtype=\"https:\/\/schema.org\/ImageGallery\"><div data-row-height=\"\" data-gallery-theme=\"\" id=\"envira-gallery-158\" class=\"envira-gallery-public  envira-gallery-3-columns envira-clear enviratope envira-gallery-css-animations\" data-envira-columns=\"3\"><div id=\"envira-gallery-item-188\" class=\"envira-gallery-item enviratope-item envira-gallery-item-1 envira-lazy-load\" style=\"padding-left: 5px; padding-bottom: 10px; padding-right: 5px;\"  itemscope itemtype=\"https:\/\/schema.org\/ImageObject\"><div class=\"envira-gallery-item-inner\"><div class=\"envira-gallery-position-overlay  envira-gallery-top-left\"><\/div><div class=\"envira-gallery-position-overlay  envira-gallery-top-right\"><\/div><div class=\"envira-gallery-position-overlay  envira-gallery-bottom-left\"><\/div><div class=\"envira-gallery-position-overlay  envira-gallery-bottom-right\"><\/div><a href=\"http:\/\/wp.heimat-mainburg.de\/wp-content\/uploads\/2017\/06\/Impressionen-Weinladen-3.jpg\" class=\"envira-gallery-158 envira-gallery-link\" rel=\"enviragallery158\" title=\"Impressionen-Weinladen-3\" data-envira-caption=\"Impressionen-Weinladen-3\" data-envira-retina=\"\" data-thumbnail=\"\"  itemprop=\"contentUrl\"><div class=\"envira-lazy\" data-test-width=\"640\" data-test-height=\"480\" style=\"padding-bottom:75%;\"><img id=\"envira-gallery-image-188\" class=\"envira-gallery-image envira-gallery-image-1\" data-envira-index=\"1\" src=\"https:\/\/www.heimat-mainburg.de\/wp-content\/uploads\/2017\/06\/Impressionen-Weinladen-3-300x200.jpg\" data-envira-src=\"https:\/\/www.heimat-mainburg.de\/wp-content\/uploads\/2017\/06\/Impressionen-Weinladen-3-300x200.jpg\" data-envira-gallery-id=\"158\" data-envira-item-id=\"188\" data-envira-caption=\"Impressionen-Weinladen-3\" alt=\"\" title=\"Impressionen-Weinladen-3\"  itemprop=\"thumbnailUrl\" data-envira-srcset=\"https:\/\/www.heimat-mainburg.de\/wp-content\/uploads\/2017\/06\/Impressionen-Weinladen-3-300x200.jpg 400w,https:\/\/www.heimat-mainburg.de\/wp-content\/uploads\/2017\/06\/Impressionen-Weinladen-3-300x200.jpg 2x\" srcset=\"data:image\/gif;base64,R0lGODlhAQABAIAAAP\/\/\/\/\/\/\/yH5BAEKAAEALAAAAAABAAEAAAICTAEAOw==\" \/><\/div><\/a><\/div><\/div><div id=\"envira-gallery-item-187\" class=\"envira-gallery-item enviratope-item envira-gallery-item-2 envira-lazy-load\" style=\"padding-left: 5px; padding-bottom: 10px; padding-right: 5px;\"  itemscope itemtype=\"https:\/\/schema.org\/ImageObject\"><div class=\"envira-gallery-item-inner\"><div class=\"envira-gallery-position-overlay  envira-gallery-top-left\"><\/div><div class=\"envira-gallery-position-overlay  envira-gallery-top-right\"><\/div><div class=\"envira-gallery-position-overlay  envira-gallery-bottom-left\"><\/div><div class=\"envira-gallery-position-overlay  envira-gallery-bottom-right\"><\/div><a href=\"http:\/\/wp.heimat-mainburg.de\/wp-content\/uploads\/2017\/06\/Impressionen-Weinladen-2.jpg\" class=\"envira-gallery-158 envira-gallery-link\" rel=\"enviragallery158\" title=\"Impressionen-Weinladen-2\" data-envira-caption=\"Impressionen-Weinladen-2\" data-envira-retina=\"\" data-thumbnail=\"\"  itemprop=\"contentUrl\"><div class=\"envira-lazy\" data-test-width=\"640\" data-test-height=\"480\" style=\"padding-bottom:75%;\"><img id=\"envira-gallery-image-187\" class=\"envira-gallery-image envira-gallery-image-2\" data-envira-index=\"2\" src=\"https:\/\/www.heimat-mainburg.de\/wp-content\/uploads\/2017\/06\/Impressionen-Weinladen-2-300x200.jpg\" data-envira-src=\"https:\/\/www.heimat-mainburg.de\/wp-content\/uploads\/2017\/06\/Impressionen-Weinladen-2-300x200.jpg\" data-envira-gallery-id=\"158\" data-envira-item-id=\"187\" data-envira-caption=\"Impressionen-Weinladen-2\" alt=\"\" title=\"Impressionen-Weinladen-2\"  itemprop=\"thumbnailUrl\" data-envira-srcset=\"https:\/\/www.heimat-mainburg.de\/wp-content\/uploads\/2017\/06\/Impressionen-Weinladen-2-300x200.jpg 400w,https:\/\/www.heimat-mainburg.de\/wp-content\/uploads\/2017\/06\/Impressionen-Weinladen-2-300x200.jpg 2x\" srcset=\"data:image\/gif;base64,R0lGODlhAQABAIAAAP\/\/\/\/\/\/\/yH5BAEKAAEALAAAAAABAAEAAAICTAEAOw==\" \/><\/div><\/a><\/div><\/div><div id=\"envira-gallery-item-186\" class=\"envira-gallery-item enviratope-item envira-gallery-item-3 envira-lazy-load\" style=\"padding-left: 5px; padding-bottom: 10px; padding-right: 5px;\"  itemscope itemtype=\"https:\/\/schema.org\/ImageObject\"><div class=\"envira-gallery-item-inner\"><div class=\"envira-gallery-position-overlay  envira-gallery-top-left\"><\/div><div class=\"envira-gallery-position-overlay  envira-gallery-top-right\"><\/div><div class=\"envira-gallery-position-overlay  envira-gallery-bottom-left\"><\/div><div class=\"envira-gallery-position-overlay  envira-gallery-bottom-right\"><\/div><a href=\"http:\/\/wp.heimat-mainburg.de\/wp-content\/uploads\/2017\/06\/Impressionen-Weinladen-1-1.jpg\" class=\"envira-gallery-158 envira-gallery-link\" rel=\"enviragallery158\" title=\"Impressionen-Weinladen-1\" data-envira-caption=\"Impressionen-Weinladen-1\" data-envira-retina=\"\" data-thumbnail=\"\"  itemprop=\"contentUrl\"><div class=\"envira-lazy\" data-test-width=\"640\" data-test-height=\"480\" style=\"padding-bottom:75%;\"><img id=\"envira-gallery-image-186\" class=\"envira-gallery-image envira-gallery-image-3\" data-envira-index=\"3\" src=\"https:\/\/www.heimat-mainburg.de\/wp-content\/uploads\/2017\/06\/Impressionen-Weinladen-1-1-300x200.jpg\" data-envira-src=\"https:\/\/www.heimat-mainburg.de\/wp-content\/uploads\/2017\/06\/Impressionen-Weinladen-1-1-300x200.jpg\" data-envira-gallery-id=\"158\" data-envira-item-id=\"186\" data-envira-caption=\"Impressionen-Weinladen-1\" alt=\"\" title=\"Impressionen-Weinladen-1\"  itemprop=\"thumbnailUrl\" data-envira-srcset=\"https:\/\/www.heimat-mainburg.de\/wp-content\/uploads\/2017\/06\/Impressionen-Weinladen-1-1-300x200.jpg 400w,https:\/\/www.heimat-mainburg.de\/wp-content\/uploads\/2017\/06\/Impressionen-Weinladen-1-1-300x200.jpg 2x\" srcset=\"data:image\/gif;base64,R0lGODlhAQABAIAAAP\/\/\/\/\/\/\/yH5BAEKAAEALAAAAAABAAEAAAICTAEAOw==\" \/><\/div><\/a><\/div><\/div><\/div><\/div><noscript><img src=\"https:\/\/www.heimat-mainburg.de\/wp-content\/uploads\/2017\/06\/Impressionen-Weinladen-3.jpg\" alt=\"\" \/><img src=\"https:\/\/www.heimat-mainburg.de\/wp-content\/uploads\/2017\/06\/Impressionen-Weinladen-2.jpg\" alt=\"\" \/><img src=\"https:\/\/www.heimat-mainburg.de\/wp-content\/uploads\/2017\/06\/Impressionen-Weinladen-1-1.jpg\" alt=\"\" \/><\/noscript>\n<p style=\"text-align: center;\"><em>Wir legen gro\u00dfen Wert auf geschmackliche Vielfalt unserer Weine.<\/em><br \/>\n<em>Deshalb freuen wir uns<\/em>,\u00a0<em>Ihnen das Beste unserer\u00a0Lieblingswinzer\u00a0<\/em><em>bei uns in der Weinbar<br \/>\n<\/em><em>und zum<\/em>\u00a0<em>mit nach Hause nehmen in unserem Weinladen pr\u00e4sentieren zu k\u00f6nnen.<br \/>\nAu\u00dferdem finden Sie neben ausgew\u00e4hlten Weinen auch immer neue und regionale Spezialit\u00e4ten wie feine \u00d6le, exklusive Kaffees uvm. bei uns.<br \/>\nEine sch\u00f6ne Idee, um sich selbst und andere zu verw\u00f6hnen!<\/em><\/p>\n<h3 style=\"text-align: center;\">Lieferservice&#8230;<\/h3>\n<p style=\"text-align: center;\">Ab 6 Flaschen liefern wir Ihnen den Wein innerhalb<br \/>\nMainburgs und im Umkreis von 15 km frei Haus.<\/p>\n<h3 style=\"text-align: center;\">Unser Bistro-Wein-Konzept\u2026<\/h3>\n<p style=\"text-align: center;\">Jede Weinflasche k\u00f6nnen Sie auch zum Lagerpreis<br \/>\nmit \u20ac10 Korkgeld im Bistro genie\u00dfen.<\/p>\n<p class=\"01cImagetext01Allgemein\" style=\"text-align: center;\"><em>Zum Wohl! Euer <span style=\"text-transform: uppercase;\">Heimat<\/span>-Team<\/em><\/p>\n<p style=\"text-align: center;\"><a href=\"https:\/\/www.heimat-mainburg.de\/wp-content\/uploads\/2022\/04\/2022-04_weinbestand.pdf\">Hier Weinkarte einsehen &gt;&gt;<\/a><\/p>\n","protected":false},"excerpt":{"rendered":"<p>HEIMAT ist da, wo das Besondere zuhause ist. Ihr Wein- &amp; Spezialit\u00e4tenladen in Mainburg Wir legen gro\u00dfen Wert auf geschmackliche Vielfalt unserer Weine. Deshalb freuen wir uns,\u00a0Ihnen das Beste unserer\u00a0Lieblingswinzer\u00a0bei uns in der Weinbar und zum\u00a0mit nach Hause nehmen in unserem Weinladen pr\u00e4sentieren zu k\u00f6nnen. Au\u00dferdem finden Sie neben ausgew\u00e4hlten Weinen auch immer neue und [&hellip;]<\/p>\n","protected":false},"author":1,"featured_media":1127,"parent":0,"menu_order":0,"comment_status":"closed","ping_status":"closed","template":"","meta":[],"translation":{"provider":"WPGlobus","version":"2.10.10","language":"en","enabled_languages":["de","en"],"languages":{"de":{"title":true,"content":true,"excerpt":false},"en":{"title":false,"content":false,"excerpt":false}}},"yoast_head":"<!-- This site is optimized with the Yoast SEO plugin v20.3 - https:\/\/yoast.com\/wordpress\/plugins\/seo\/ -->\n<title>Weinbar &amp; Weinladen in Mainburg | HEIMAT<\/title>\n<meta name=\"robots\" content=\"index, follow, max-snippet:-1, max-image-preview:large, max-video-preview:-1\" \/>\n<link rel=\"canonical\" href=\"https:\/\/www.heimat-mainburg.de\/weinladen\/\" \/>\n<meta property=\"og:locale\" content=\"en_US\" \/>\n<meta property=\"og:type\" content=\"article\" \/>\n<meta property=\"og:title\" content=\"Weinbar &amp; Weinladen in Mainburg | HEIMAT\" \/>\n<meta property=\"og:url\" content=\"https:\/\/www.heimat-mainburg.de\/weinladen\/\" \/>\n<meta property=\"og:site_name\" content=\"Heimat Mainburg\" \/>\n<meta property=\"article:publisher\" content=\"https:\/\/www.facebook.com\/Heimat.Mainburg\/\" \/>\n<meta property=\"article:modified_time\" content=\"2022-04-28T10:32:43+00:00\" \/>\n<meta property=\"og:image\" content=\"https:\/\/www.heimat-mainburg.de\/wp-content\/uploads\/2019\/07\/02.jpg\" \/>\n\t<meta property=\"og:image:width\" content=\"2000\" \/>\n\t<meta property=\"og:image:height\" content=\"1333\" \/>\n\t<meta property=\"og:image:type\" content=\"image\/jpeg\" \/>\n<meta name=\"twitter:card\" content=\"summary_large_image\" \/>\n<meta name=\"twitter:label1\" content=\"Est. reading time\" \/>\n\t<meta name=\"twitter:data1\" content=\"1 minute\" \/>\n<script type=\"application\/ld+json\" class=\"yoast-schema-graph\">{\"@context\":\"https:\/\/schema.org\",\"@graph\":[{\"@type\":\"WebPage\",\"@id\":\"https:\/\/www.heimat-mainburg.de\/weinladen\/\",\"url\":\"https:\/\/www.heimat-mainburg.de\/weinladen\/\",\"name\":\"Weinbar & Weinladen in Mainburg | HEIMAT\",\"isPartOf\":{\"@id\":\"https:\/\/www.heimat-mainburg.de\/#website\"},\"datePublished\":\"2017-03-02T07:05:17+00:00\",\"dateModified\":\"2022-04-28T10:32:43+00:00\",\"description\":\"In unserem Weinladen in Mainburg finden Sie Weinspezialit\u00e4ten aus der Region und aus aller Welt. Unser ausgebildeter Sommelier ber\u00e4t Sie gerne. Bis bald!\",\"breadcrumb\":{\"@id\":\"https:\/\/www.heimat-mainburg.de\/weinladen\/#breadcrumb\"},\"inLanguage\":\"en-US\",\"potentialAction\":[{\"@type\":\"ReadAction\",\"target\":[\"https:\/\/www.heimat-mainburg.de\/weinladen\/\"]}]},{\"@type\":\"BreadcrumbList\",\"@id\":\"https:\/\/www.heimat-mainburg.de\/weinladen\/#breadcrumb\",\"itemListElement\":[{\"@type\":\"ListItem\",\"position\":1,\"name\":\"Home\",\"item\":\"https:\/\/www.heimat-mainburg.de\/\"},{\"@type\":\"ListItem\",\"position\":2,\"name\":\"Wein- &#038; Spezialit\u00e4tenladen\"}]},{\"@type\":\"WebSite\",\"@id\":\"https:\/\/www.heimat-mainburg.de\/#website\",\"url\":\"https:\/\/www.heimat-mainburg.de\/\",\"name\":\"Heimat Mainburg\",\"description\":\"\",\"publisher\":{\"@id\":\"https:\/\/www.heimat-mainburg.de\/#organization\"},\"potentialAction\":[{\"@type\":\"SearchAction\",\"target\":{\"@type\":\"EntryPoint\",\"urlTemplate\":\"https:\/\/www.heimat-mainburg.de\/?s={search_term_string}\"},\"query-input\":\"required name=search_term_string\"}],\"inLanguage\":\"en-US\"},{\"@type\":\"Organization\",\"@id\":\"https:\/\/www.heimat-mainburg.de\/#organization\",\"name\":\"HEIMAT Mainburg - Stanglmeier Gastro GbR\",\"url\":\"https:\/\/www.heimat-mainburg.de\/\",\"logo\":{\"@type\":\"ImageObject\",\"inLanguage\":\"en-US\",\"@id\":\"https:\/\/www.heimat-mainburg.de\/#\/schema\/logo\/image\/\",\"url\":\"https:\/\/www.heimat-mainburg.de\/wp-content\/uploads\/2017\/06\/Heimat-Quadrat.jpg\",\"contentUrl\":\"https:\/\/www.heimat-mainburg.de\/wp-content\/uploads\/2017\/06\/Heimat-Quadrat.jpg\",\"width\":1479,\"height\":1479,\"caption\":\"HEIMAT Mainburg - Stanglmeier Gastro GbR\"},\"image\":{\"@id\":\"https:\/\/www.heimat-mainburg.de\/#\/schema\/logo\/image\/\"},\"sameAs\":[\"https:\/\/www.facebook.com\/Heimat.Mainburg\/\",\"https:\/\/www.instagram.com\/heimat.mainburg\/\"]}]}<\/script>\n<!-- \/ Yoast SEO plugin. -->","yoast_head_json":{"title":"Weinbar & Weinladen in Mainburg | HEIMAT","robots":{"index":"index","follow":"follow","max-snippet":"max-snippet:-1","max-image-preview":"max-image-preview:large","max-video-preview":"max-video-preview:-1"},"canonical":"https:\/\/www.heimat-mainburg.de\/weinladen\/","og_locale":"en_US","og_type":"article","og_title":"Weinbar & Weinladen in Mainburg | HEIMAT","og_url":"https:\/\/www.heimat-mainburg.de\/weinladen\/","og_site_name":"Heimat Mainburg","article_publisher":"https:\/\/www.facebook.com\/Heimat.Mainburg\/","article_modified_time":"2022-04-28T10:32:43+00:00","og_image":[{"width":2000,"height":1333,"url":"https:\/\/www.heimat-mainburg.de\/wp-content\/uploads\/2019\/07\/02.jpg","type":"image\/jpeg"}],"twitter_card":"summary_large_image","twitter_misc":{"Est. reading time":"1 minute"},"schema":{"@context":"https:\/\/schema.org","@graph":[{"@type":"WebPage","@id":"https:\/\/www.heimat-mainburg.de\/weinladen\/","url":"https:\/\/www.heimat-mainburg.de\/weinladen\/","name":"Weinbar & Weinladen in Mainburg | HEIMAT","isPartOf":{"@id":"https:\/\/www.heimat-mainburg.de\/#website"},"datePublished":"2017-03-02T07:05:17+00:00","dateModified":"2022-04-28T10:32:43+00:00","description":"In unserem Weinladen in Mainburg finden Sie Weinspezialit\u00e4ten aus der Region und aus aller Welt. Unser ausgebildeter Sommelier ber\u00e4t Sie gerne. Bis bald!","breadcrumb":{"@id":"https:\/\/www.heimat-mainburg.de\/weinladen\/#breadcrumb"},"inLanguage":"en-US","potentialAction":[{"@type":"ReadAction","target":["https:\/\/www.heimat-mainburg.de\/weinladen\/"]}]},{"@type":"BreadcrumbList","@id":"https:\/\/www.heimat-mainburg.de\/weinladen\/#breadcrumb","itemListElement":[{"@type":"ListItem","position":1,"name":"Home","item":"https:\/\/www.heimat-mainburg.de\/"},{"@type":"ListItem","position":2,"name":"Wein- &#038; Spezialit\u00e4tenladen"}]},{"@type":"WebSite","@id":"https:\/\/www.heimat-mainburg.de\/#website","url":"https:\/\/www.heimat-mainburg.de\/","name":"Heimat Mainburg","description":"","publisher":{"@id":"https:\/\/www.heimat-mainburg.de\/#organization"},"potentialAction":[{"@type":"SearchAction","target":{"@type":"EntryPoint","urlTemplate":"https:\/\/www.heimat-mainburg.de\/?s={search_term_string}"},"query-input":"required name=search_term_string"}],"inLanguage":"en-US"},{"@type":"Organization","@id":"https:\/\/www.heimat-mainburg.de\/#organization","name":"HEIMAT Mainburg - Stanglmeier Gastro GbR","url":"https:\/\/www.heimat-mainburg.de\/","logo":{"@type":"ImageObject","inLanguage":"en-US","@id":"https:\/\/www.heimat-mainburg.de\/#\/schema\/logo\/image\/","url":"https:\/\/www.heimat-mainburg.de\/wp-content\/uploads\/2017\/06\/Heimat-Quadrat.jpg","contentUrl":"https:\/\/www.heimat-mainburg.de\/wp-content\/uploads\/2017\/06\/Heimat-Quadrat.jpg","width":1479,"height":1479,"caption":"HEIMAT Mainburg - Stanglmeier Gastro GbR"},"image":{"@id":"https:\/\/www.heimat-mainburg.de\/#\/schema\/logo\/image\/"},"sameAs":["https:\/\/www.facebook.com\/Heimat.Mainburg\/","https:\/\/www.instagram.com\/heimat.mainburg\/"]}]}},"_links":{"self":[{"href":"https:\/\/www.heimat-mainburg.de\/en\/wp-json\/wp\/v2\/pages\/7"}],"collection":[{"href":"https:\/\/www.heimat-mainburg.de\/en\/wp-json\/wp\/v2\/pages"}],"about":[{"href":"https:\/\/www.heimat-mainburg.de\/en\/wp-json\/wp\/v2\/types\/page"}],"author":[{"embeddable":true,"href":"https:\/\/www.heimat-mainburg.de\/en\/wp-json\/wp\/v2\/users\/1"}],"replies":[{"embeddable":true,"href":"https:\/\/www.heimat-mainburg.de\/en\/wp-json\/wp\/v2\/comments?post=7"}],"version-history":[{"count":114,"href":"https:\/\/www.heimat-mainburg.de\/en\/wp-json\/wp\/v2\/pages\/7\/revisions"}],"predecessor-version":[{"id":1269,"href":"https:\/\/www.heimat-mainburg.de\/en\/wp-json\/wp\/v2\/pages\/7\/revisions\/1269"}],"wp:featuredmedia":[{"embeddable":true,"href":"https:\/\/www.heimat-mainburg.de\/en\/wp-json\/wp\/v2\/media\/1127"}],"wp:attachment":[{"href":"https:\/\/www.heimat-mainburg.de\/en\/wp-json\/wp\/v2\/media?parent=7"}],"curies":[{"name":"wp","href":"https:\/\/api.w.org\/{rel}","templated":true}]}}