{"id":338,"date":"2017-07-10T12:14:47","date_gmt":"2017-07-10T10:14:47","guid":{"rendered":"https:\/\/www.heimat-mainburg.de\/?page_id=338"},"modified":"2025-10-15T10:44:27","modified_gmt":"2025-10-15T08:44:27","slug":"preise-buchung","status":"publish","type":"page","link":"https:\/\/www.heimat-mainburg.de\/en\/hotel\/preise-buchung\/","title":{"rendered":"Preise &#038; Buchung"},"content":{"rendered":"<table style=\"height: 339px;\" width=\"536\">\n<tbody>\n<tr>\n<td><\/td>\n<td style=\"text-align: right;\"><strong>1-6 N\u00e4chte<\/strong><\/td>\n<td style=\"text-align: right;\"><strong>7-30 N\u00e4chte<\/strong><\/td>\n<td style=\"text-align: right;\"><strong>ab 31 N\u00e4chte<\/strong><\/td>\n<\/tr>\n<tr>\n<td><strong>Doppelzimmer<\/strong><\/td>\n<td style=\"text-align: right;\">\u00a0\u20ac 114,00<\/td>\n<td style=\"text-align: right;\">\u00a0\u20ac 91,00<\/td>\n<td style=\"text-align: right;\">\u00a0\u20ac 69,00<\/td>\n<\/tr>\n<tr>\n<td><strong>Einzelzimmer<\/strong><\/td>\n<td style=\"text-align: right;\">\u00a0\u20ac 69,00<\/td>\n<td style=\"text-align: right;\">\u00a0\u20ac 55,00<\/td>\n<td style=\"text-align: right;\">\u00a0\u20ac 42,00<\/td>\n<\/tr>\n<tr>\n<td><strong>Dachwohnung Doppelzimmer<\/strong><\/td>\n<td style=\"text-align: right;\">\u00a0\u20ac 180,00<\/td>\n<td style=\"text-align: right;\">\u00a0\u20ac 144,00<\/td>\n<td style=\"text-align: right;\">\u00a0\u20ac 108,00<\/td>\n<\/tr>\n<tr>\n<td><strong>Dachwohnung Einzelzimmer<\/strong><\/td>\n<td style=\"text-align: right;\">\u00a0\u20ac 119,00<\/td>\n<td style=\"text-align: right;\">\u00a0\u20ac 95,00<\/td>\n<td style=\"text-align: right;\">\u00a0\u20ac 71,00<\/td>\n<\/tr>\n<tr>\n<td><strong>Zustellbett<\/strong><\/td>\n<td style=\"text-align: right;\">\u00a0\u20ac 15,00<\/td>\n<td style=\"text-align: right;\">\u00a0\u20ac 15,00<\/td>\n<td style=\"text-align: right;\">\u00a0\u20ac 15,00<\/td>\n<\/tr>\n<tr>\n<td><strong>Verw\u00f6hn-Fr\u00fchst\u00fcck (p.P.)<\/strong><\/td>\n<td style=\"text-align: right;\">\u00a0\u20ac 14,00<\/td>\n<td style=\"text-align: right;\">\u00a0\u20ac 14,00<\/td>\n<td style=\"text-align: right;\">\u00a0\u20ac 14,00<\/td>\n<\/tr>\n<tr>\n<td><strong>Haustiere<\/strong><\/td>\n<td style=\"text-align: right;\">\u00a0\u20ac 15,00<\/td>\n<td style=\"text-align: right;\">\u00a0\u20ac 15,00<\/td>\n<td style=\"text-align: right;\">\u00a0\u20ac 15,00<\/td>\n<\/tr>\n<tr>\n<td><strong>Zus\u00e4tzl. Putz-\/Bettenservice<\/strong><\/td>\n<td style=\"text-align: right;\">\u20ac 15,00<\/td>\n<td style=\"text-align: right;\">\u20ac 15,00<\/td>\n<td style=\"text-align: right;\">\u20ac 15,00<\/td>\n<\/tr>\n<tr>\n<td><\/td>\n<td style=\"text-align: right;\"><\/td>\n<td style=\"text-align: right;\"><\/td>\n<td style=\"text-align: right;\"><\/td>\n<\/tr>\n<\/tbody>\n<\/table>\n<p>Preise verstehen sich pro Nacht pro Zimmer.<br \/>\nBitte fragen Sie unsere gesonderten Preise bei Messen und Gro\u00dfveranstaltungen an.<br \/>\nEs gelten unsere <a href=\"https:\/\/www.heimat-mainburg.de\/allgemeine-geschaeftsbedingungen-hotspot\/\">Allgemeinen Gesch\u00e4ftsbedingungen<\/a>.<\/p>\n<div class=\"booking-widget\">\n<div id=\"ibelsa-widget-div\"><\/div>\n<p>  <script\n    type=\"text\/javascript\"\n    src=\"https:\/\/rooms.ibelsa.com\/de\/webbookingtwo\/F2976516-2968-AE4C-1460-8C8B33FDA7B6\/widget.js\">\n  <\/script><\/p>\n<p>  <noscript><br \/>\n    Bitte aktivieren Sie JavaScript, um das Buchungsformular zu sehen.<br \/>\n    Alternativ k\u00f6nnen Sie direkt hier buchen:<br \/>\n    <a href=\"https:\/\/rooms.ibelsa.com\/de\/webbookingtwo\/F2976516-2968-AE4C-1460-8C8B33FDA7B6\/\" target=\"_blank\" rel=\"noopener\"><br \/>\n       Jetzt direkt buchen<br \/>\n    <\/a>.<br \/>\n  <\/noscript>\n<\/div>\n","protected":false},"excerpt":{"rendered":"<p>1-6 N\u00e4chte 7-30 N\u00e4chte ab 31 N\u00e4chte Doppelzimmer \u00a0\u20ac 114,00 \u00a0\u20ac 91,00 \u00a0\u20ac 69,00 Einzelzimmer \u00a0\u20ac 69,00 \u00a0\u20ac 55,00 \u00a0\u20ac 42,00 Dachwohnung Doppelzimmer \u00a0\u20ac 180,00 \u00a0\u20ac 144,00 \u00a0\u20ac 108,00 Dachwohnung Einzelzimmer \u00a0\u20ac 119,00 \u00a0\u20ac 95,00 \u00a0\u20ac 71,00 Zustellbett \u00a0\u20ac 15,00 \u00a0\u20ac 15,00 \u00a0\u20ac 15,00 Verw\u00f6hn-Fr\u00fchst\u00fcck (p.P.) \u00a0\u20ac 14,00 \u00a0\u20ac 14,00 \u00a0\u20ac 14,00 Haustiere \u00a0\u20ac 15,00 [&hellip;]<\/p>\n","protected":false},"author":3,"featured_media":0,"parent":9,"menu_order":1,"comment_status":"closed","ping_status":"closed","template":"","meta":[],"translation":{"provider":"WPGlobus","version":"2.10.10","language":"en","enabled_languages":["de","en"],"languages":{"de":{"title":true,"content":true,"excerpt":false},"en":{"title":false,"content":false,"excerpt":false}}},"yoast_head":"<!-- This site is optimized with the Yoast SEO plugin v20.3 - https:\/\/yoast.com\/wordpress\/plugins\/seo\/ -->\n<title>Preise &amp; Buchung - Heimat Mainburg<\/title>\n<meta name=\"robots\" content=\"index, follow, max-snippet:-1, max-image-preview:large, max-video-preview:-1\" \/>\n<link rel=\"canonical\" href=\"https:\/\/www.heimat-mainburg.de\/hotel\/preise-buchung\/\" \/>\n<meta property=\"og:locale\" content=\"en_US\" \/>\n<meta property=\"og:type\" content=\"article\" \/>\n<meta property=\"og:title\" content=\"Preise &amp; Buchung - Heimat Mainburg\" \/>\n<meta property=\"og:url\" content=\"https:\/\/www.heimat-mainburg.de\/hotel\/preise-buchung\/\" \/>\n<meta property=\"og:site_name\" content=\"Heimat Mainburg\" \/>\n<meta property=\"article:publisher\" content=\"https:\/\/www.facebook.com\/Heimat.Mainburg\/\" \/>\n<meta property=\"article:modified_time\" content=\"2025-10-15T08:44:27+00:00\" \/>\n<meta name=\"twitter:card\" content=\"summary_large_image\" \/>\n<meta name=\"twitter:label1\" content=\"Est. reading time\" \/>\n\t<meta name=\"twitter:data1\" content=\"1 minute\" \/>\n<script type=\"application\/ld+json\" class=\"yoast-schema-graph\">{\"@context\":\"https:\/\/schema.org\",\"@graph\":[{\"@type\":\"WebPage\",\"@id\":\"https:\/\/www.heimat-mainburg.de\/hotel\/preise-buchung\/\",\"url\":\"https:\/\/www.heimat-mainburg.de\/hotel\/preise-buchung\/\",\"name\":\"Preise & Buchung - Heimat Mainburg\",\"isPartOf\":{\"@id\":\"https:\/\/www.heimat-mainburg.de\/#website\"},\"datePublished\":\"2017-07-10T10:14:47+00:00\",\"dateModified\":\"2025-10-15T08:44:27+00:00\",\"breadcrumb\":{\"@id\":\"https:\/\/www.heimat-mainburg.de\/hotel\/preise-buchung\/#breadcrumb\"},\"inLanguage\":\"en-US\",\"potentialAction\":[{\"@type\":\"ReadAction\",\"target\":[\"https:\/\/www.heimat-mainburg.de\/hotel\/preise-buchung\/\"]}]},{\"@type\":\"BreadcrumbList\",\"@id\":\"https:\/\/www.heimat-mainburg.de\/hotel\/preise-buchung\/#breadcrumb\",\"itemListElement\":[{\"@type\":\"ListItem\",\"position\":1,\"name\":\"Home\",\"item\":\"https:\/\/www.heimat-mainburg.de\/\"},{\"@type\":\"ListItem\",\"position\":2,\"name\":\"Hotel\",\"item\":\"https:\/\/www.heimat-mainburg.de\/hotel\/\"},{\"@type\":\"ListItem\",\"position\":3,\"name\":\"Preise &#038; Buchung\"}]},{\"@type\":\"WebSite\",\"@id\":\"https:\/\/www.heimat-mainburg.de\/#website\",\"url\":\"https:\/\/www.heimat-mainburg.de\/\",\"name\":\"Heimat Mainburg\",\"description\":\"\",\"publisher\":{\"@id\":\"https:\/\/www.heimat-mainburg.de\/#organization\"},\"potentialAction\":[{\"@type\":\"SearchAction\",\"target\":{\"@type\":\"EntryPoint\",\"urlTemplate\":\"https:\/\/www.heimat-mainburg.de\/?s={search_term_string}\"},\"query-input\":\"required name=search_term_string\"}],\"inLanguage\":\"en-US\"},{\"@type\":\"Organization\",\"@id\":\"https:\/\/www.heimat-mainburg.de\/#organization\",\"name\":\"HEIMAT Mainburg - Stanglmeier Gastro GbR\",\"url\":\"https:\/\/www.heimat-mainburg.de\/\",\"logo\":{\"@type\":\"ImageObject\",\"inLanguage\":\"en-US\",\"@id\":\"https:\/\/www.heimat-mainburg.de\/#\/schema\/logo\/image\/\",\"url\":\"https:\/\/www.heimat-mainburg.de\/wp-content\/uploads\/2017\/06\/Heimat-Quadrat.jpg\",\"contentUrl\":\"https:\/\/www.heimat-mainburg.de\/wp-content\/uploads\/2017\/06\/Heimat-Quadrat.jpg\",\"width\":1479,\"height\":1479,\"caption\":\"HEIMAT Mainburg - Stanglmeier Gastro GbR\"},\"image\":{\"@id\":\"https:\/\/www.heimat-mainburg.de\/#\/schema\/logo\/image\/\"},\"sameAs\":[\"https:\/\/www.facebook.com\/Heimat.Mainburg\/\",\"https:\/\/www.instagram.com\/heimat.mainburg\/\"]}]}<\/script>\n<!-- \/ Yoast SEO plugin. -->","yoast_head_json":{"title":"Preise & Buchung - Heimat Mainburg","robots":{"index":"index","follow":"follow","max-snippet":"max-snippet:-1","max-image-preview":"max-image-preview:large","max-video-preview":"max-video-preview:-1"},"canonical":"https:\/\/www.heimat-mainburg.de\/hotel\/preise-buchung\/","og_locale":"en_US","og_type":"article","og_title":"Preise & Buchung - Heimat Mainburg","og_url":"https:\/\/www.heimat-mainburg.de\/hotel\/preise-buchung\/","og_site_name":"Heimat Mainburg","article_publisher":"https:\/\/www.facebook.com\/Heimat.Mainburg\/","article_modified_time":"2025-10-15T08:44:27+00:00","twitter_card":"summary_large_image","twitter_misc":{"Est. reading time":"1 minute"},"schema":{"@context":"https:\/\/schema.org","@graph":[{"@type":"WebPage","@id":"https:\/\/www.heimat-mainburg.de\/hotel\/preise-buchung\/","url":"https:\/\/www.heimat-mainburg.de\/hotel\/preise-buchung\/","name":"Preise & Buchung - Heimat Mainburg","isPartOf":{"@id":"https:\/\/www.heimat-mainburg.de\/#website"},"datePublished":"2017-07-10T10:14:47+00:00","dateModified":"2025-10-15T08:44:27+00:00","breadcrumb":{"@id":"https:\/\/www.heimat-mainburg.de\/hotel\/preise-buchung\/#breadcrumb"},"inLanguage":"en-US","potentialAction":[{"@type":"ReadAction","target":["https:\/\/www.heimat-mainburg.de\/hotel\/preise-buchung\/"]}]},{"@type":"BreadcrumbList","@id":"https:\/\/www.heimat-mainburg.de\/hotel\/preise-buchung\/#breadcrumb","itemListElement":[{"@type":"ListItem","position":1,"name":"Home","item":"https:\/\/www.heimat-mainburg.de\/"},{"@type":"ListItem","position":2,"name":"Hotel","item":"https:\/\/www.heimat-mainburg.de\/hotel\/"},{"@type":"ListItem","position":3,"name":"Preise &#038; Buchung"}]},{"@type":"WebSite","@id":"https:\/\/www.heimat-mainburg.de\/#website","url":"https:\/\/www.heimat-mainburg.de\/","name":"Heimat Mainburg","description":"","publisher":{"@id":"https:\/\/www.heimat-mainburg.de\/#organization"},"potentialAction":[{"@type":"SearchAction","target":{"@type":"EntryPoint","urlTemplate":"https:\/\/www.heimat-mainburg.de\/?s={search_term_string}"},"query-input":"required name=search_term_string"}],"inLanguage":"en-US"},{"@type":"Organization","@id":"https:\/\/www.heimat-mainburg.de\/#organization","name":"HEIMAT Mainburg - Stanglmeier Gastro GbR","url":"https:\/\/www.heimat-mainburg.de\/","logo":{"@type":"ImageObject","inLanguage":"en-US","@id":"https:\/\/www.heimat-mainburg.de\/#\/schema\/logo\/image\/","url":"https:\/\/www.heimat-mainburg.de\/wp-content\/uploads\/2017\/06\/Heimat-Quadrat.jpg","contentUrl":"https:\/\/www.heimat-mainburg.de\/wp-content\/uploads\/2017\/06\/Heimat-Quadrat.jpg","width":1479,"height":1479,"caption":"HEIMAT Mainburg - Stanglmeier Gastro GbR"},"image":{"@id":"https:\/\/www.heimat-mainburg.de\/#\/schema\/logo\/image\/"},"sameAs":["https:\/\/www.facebook.com\/Heimat.Mainburg\/","https:\/\/www.instagram.com\/heimat.mainburg\/"]}]}},"_links":{"self":[{"href":"https:\/\/www.heimat-mainburg.de\/en\/wp-json\/wp\/v2\/pages\/338"}],"collection":[{"href":"https:\/\/www.heimat-mainburg.de\/en\/wp-json\/wp\/v2\/pages"}],"about":[{"href":"https:\/\/www.heimat-mainburg.de\/en\/wp-json\/wp\/v2\/types\/page"}],"author":[{"embeddable":true,"href":"https:\/\/www.heimat-mainburg.de\/en\/wp-json\/wp\/v2\/users\/3"}],"replies":[{"embeddable":true,"href":"https:\/\/www.heimat-mainburg.de\/en\/wp-json\/wp\/v2\/comments?post=338"}],"version-history":[{"count":45,"href":"https:\/\/www.heimat-mainburg.de\/en\/wp-json\/wp\/v2\/pages\/338\/revisions"}],"predecessor-version":[{"id":484,"href":"https:\/\/www.heimat-mainburg.de\/en\/wp-json\/wp\/v2\/pages\/338\/revisions\/484"}],"up":[{"embeddable":true,"href":"https:\/\/www.heimat-mainburg.de\/en\/wp-json\/wp\/v2\/pages\/9"}],"wp:attachment":[{"href":"https:\/\/www.heimat-mainburg.de\/en\/wp-json\/wp\/v2\/media?parent=338"}],"curies":[{"name":"wp","href":"https:\/\/api.w.org\/{rel}","templated":true}]}}