{"id":331,"date":"2017-07-06T09:47:14","date_gmt":"2017-07-06T07:47:14","guid":{"rendered":"https:\/\/www.heimat-mainburg.de\/?page_id=331"},"modified":"2017-07-07T08:53:15","modified_gmt":"2017-07-07T06:53:15","slug":"allgemeine-geschaeftsbedingungen-hotspot","status":"publish","type":"page","link":"https:\/\/www.heimat-mainburg.de\/en\/allgemeine-geschaeftsbedingungen-hotspot\/","title":{"rendered":"Allgemeine Gesch\u00e4ftsbedingungen"},"content":{"rendered":"<h2>Allgemeine Gesch\u00e4ftsbedingungen HotSpot<\/h2>\n<p><strong>\u00a71 Vertragspartner<\/strong><br \/>\nVertragspartner sind die Firma Stanglmeier Gastro GbR in 84048 Mainburg, Industriestra\u00dfe 14 (im Weiteren als Betreiber bezeichnet) und der Kunde.<\/p>\n<p><strong>\u00a72 Gegenstand der Bedingungen<\/strong><br \/>\nDie nachfolgenden Bedingungen regeln in Verbindung. Durch die Benutzung des HotSpot wird dem Kunden der kabellose Zugang zum Internet erm\u00f6glicht.<\/p>\n<p><em>\u00a72.1 Zustandekommen des Vertrages<\/em><br \/>\nDer Vertrag zwischen dem Betreiber und dem Kunden kommt mit der Best\u00e4tigung der allgemeinen Gesch\u00e4ftsbedingungen zustande, gleichzeitig akzeptiert der Kunde damit diese allgemeinen Gesch\u00e4ftsbedingungen.<\/p>\n<p><strong>\u00a73 Leistungen des Betreibers<\/strong><br \/>\n<em>\u00a73.1 Internetzugang<\/em><br \/>\nAus technischen Gr\u00fcnden kann keine bestimmte \u00dcbertragungsgeschwindigkeit garantiert werden, da diese auch von der Anzahl der Nutzer des jeweiligen HotSpots abh\u00e4ngig ist.<\/p>\n<p><em>\u00a73.2 Technische Nutzungsvoraussetzungen<\/em><br \/>\nZur Nutzung des drahtlosen Zugangs zum HotSpot ist ein WLAN f\u00e4higes Endger\u00e4t notwendig, dabei ist darauf zu achten das die WLAN Schnittstelle als DHCP Client konfiguriert ist.<\/p>\n<p><em>\u00a73.3 Datensicherheit<\/em><br \/>\nDie drahtlose Verbindung zwischen dem HotSpot und dem Endger\u00e4t des Kunden erfolgt unverschl\u00fcsselt. Es kann daher nicht ausgeschlossen werden, dass andere Personen sich Zugriff auf die \u00fcbertragenden Daten verschaffen. Der Kunde ist selbst f\u00fcr eine Verschl\u00fcsselung (z.B. https, VPN) der Daten zust\u00e4ndig.<\/p>\n<p><strong>\u00a74 Haftungsausschluss<\/strong><br \/>\nDer Betreiber haftet nicht f\u00fcr Sch\u00e4den die durch die Benutzung des HotSpot entstehen k\u00f6nnen. Der Kunde ist selbst f\u00fcr einen ausreichenden Virenschutz, Datensicherung, etc. verantwortlich.<\/p>\n<p><strong>\u00a75 Pflichten des Kunden<\/strong><br \/>\nEine missbr\u00e4uchliche Nutzung des HotSpot ist untersagt, insbesondere<br \/>\ndie Verbreitung von rechts- oder sittenwidrigen Inhalten<br \/>\ndie Nutzung von Peer-to-Peer Netzwerken<br \/>\nder Versuch des Eindringens in fremde Datennetze<br \/>\nder unaufgeforderte Nachrichtenversand (Spamming)<br \/>\nEinrichtungen zu benutzen oder Anwendungen auszuf\u00fchren, die zu St\u00f6rungen \/ Ver\u00e4nderungen an der physikalischen oder logischen Struktur des HotSpot-Server, des HotSpot-Netzes oder anderer Netze f\u00fchren oder f\u00fchren k\u00f6nnen<br \/>\nBei schuldhafter Pflichtverletzung haftet der Kunde gegen\u00fcber dem Betreiber auf Schadenersatz.<\/p>\n<p><strong>\u00a76 Verantwortlichkeit f\u00fcr den Inhalt der Internetabrufe<\/strong><br \/>\nDer Kunde selbst ist f\u00fcr die Inhalte die er \u00fcber den HotSpot aus dem Internet abruft oder bereitstellt selbst verantwortlich. Eine inhaltliche \u00dcberpr\u00fcfung durch den Betreiber erfolgt nicht.<\/p>\n<p><strong>\u00a77 Preise und Tarife<\/strong><br \/>\nDie Nutzung des Hotspots ist in den \u00dcbernachtungskosten inkludiert.<\/p>\n<p><strong>\u00a78 Sonstiges<\/strong><br \/>\nEs bestehen keine m\u00fcndlichen Nebenabreden. F\u00fcr die vertraglichen Beziehungen der Vertragspartner gilt deutsches Recht.<\/p>\n","protected":false},"excerpt":{"rendered":"<p>Allgemeine Gesch\u00e4ftsbedingungen HotSpot \u00a71 Vertragspartner Vertragspartner sind die Firma Stanglmeier Gastro GbR in 84048 Mainburg, Industriestra\u00dfe 14 (im Weiteren als Betreiber bezeichnet) und der Kunde. \u00a72 Gegenstand der Bedingungen Die nachfolgenden Bedingungen regeln in Verbindung. Durch die Benutzung des HotSpot wird dem Kunden der kabellose Zugang zum Internet erm\u00f6glicht. \u00a72.1 Zustandekommen des Vertrages Der Vertrag [&hellip;]<\/p>\n","protected":false},"author":1,"featured_media":0,"parent":0,"menu_order":0,"comment_status":"closed","ping_status":"closed","template":"","meta":[],"translation":{"provider":"WPGlobus","version":"2.10.10","language":"en","enabled_languages":["de","en"],"languages":{"de":{"title":true,"content":true,"excerpt":false},"en":{"title":false,"content":false,"excerpt":false}}},"yoast_head":"<!-- This site is optimized with the Yoast SEO plugin v20.3 - https:\/\/yoast.com\/wordpress\/plugins\/seo\/ -->\n<title>Allgemeine Gesch\u00e4ftsbedingungen - Heimat Mainburg<\/title>\n<meta name=\"robots\" content=\"index, follow, max-snippet:-1, max-image-preview:large, max-video-preview:-1\" \/>\n<link rel=\"canonical\" href=\"https:\/\/www.heimat-mainburg.de\/allgemeine-geschaeftsbedingungen-hotspot\/\" \/>\n<meta property=\"og:locale\" content=\"en_US\" \/>\n<meta property=\"og:type\" content=\"article\" \/>\n<meta property=\"og:title\" content=\"Allgemeine Gesch\u00e4ftsbedingungen - Heimat Mainburg\" \/>\n<meta property=\"og:url\" content=\"https:\/\/www.heimat-mainburg.de\/allgemeine-geschaeftsbedingungen-hotspot\/\" \/>\n<meta property=\"og:site_name\" content=\"Heimat Mainburg\" \/>\n<meta property=\"article:publisher\" content=\"https:\/\/www.facebook.com\/Heimat.Mainburg\/\" \/>\n<meta property=\"article:modified_time\" content=\"2017-07-07T06:53:15+00:00\" \/>\n<meta name=\"twitter:card\" content=\"summary_large_image\" \/>\n<meta name=\"twitter:label1\" content=\"Est. reading time\" \/>\n\t<meta name=\"twitter:data1\" content=\"2 minutes\" \/>\n<script type=\"application\/ld+json\" class=\"yoast-schema-graph\">{\"@context\":\"https:\/\/schema.org\",\"@graph\":[{\"@type\":\"WebPage\",\"@id\":\"https:\/\/www.heimat-mainburg.de\/allgemeine-geschaeftsbedingungen-hotspot\/\",\"url\":\"https:\/\/www.heimat-mainburg.de\/allgemeine-geschaeftsbedingungen-hotspot\/\",\"name\":\"Allgemeine Gesch\u00e4ftsbedingungen - Heimat Mainburg\",\"isPartOf\":{\"@id\":\"https:\/\/www.heimat-mainburg.de\/#website\"},\"datePublished\":\"2017-07-06T07:47:14+00:00\",\"dateModified\":\"2017-07-07T06:53:15+00:00\",\"breadcrumb\":{\"@id\":\"https:\/\/www.heimat-mainburg.de\/allgemeine-geschaeftsbedingungen-hotspot\/#breadcrumb\"},\"inLanguage\":\"en-US\",\"potentialAction\":[{\"@type\":\"ReadAction\",\"target\":[\"https:\/\/www.heimat-mainburg.de\/allgemeine-geschaeftsbedingungen-hotspot\/\"]}]},{\"@type\":\"BreadcrumbList\",\"@id\":\"https:\/\/www.heimat-mainburg.de\/allgemeine-geschaeftsbedingungen-hotspot\/#breadcrumb\",\"itemListElement\":[{\"@type\":\"ListItem\",\"position\":1,\"name\":\"Home\",\"item\":\"https:\/\/www.heimat-mainburg.de\/\"},{\"@type\":\"ListItem\",\"position\":2,\"name\":\"Allgemeine Gesch\u00e4ftsbedingungen\"}]},{\"@type\":\"WebSite\",\"@id\":\"https:\/\/www.heimat-mainburg.de\/#website\",\"url\":\"https:\/\/www.heimat-mainburg.de\/\",\"name\":\"Heimat Mainburg\",\"description\":\"\",\"publisher\":{\"@id\":\"https:\/\/www.heimat-mainburg.de\/#organization\"},\"potentialAction\":[{\"@type\":\"SearchAction\",\"target\":{\"@type\":\"EntryPoint\",\"urlTemplate\":\"https:\/\/www.heimat-mainburg.de\/?s={search_term_string}\"},\"query-input\":\"required name=search_term_string\"}],\"inLanguage\":\"en-US\"},{\"@type\":\"Organization\",\"@id\":\"https:\/\/www.heimat-mainburg.de\/#organization\",\"name\":\"HEIMAT Mainburg - Stanglmeier Gastro GbR\",\"url\":\"https:\/\/www.heimat-mainburg.de\/\",\"logo\":{\"@type\":\"ImageObject\",\"inLanguage\":\"en-US\",\"@id\":\"https:\/\/www.heimat-mainburg.de\/#\/schema\/logo\/image\/\",\"url\":\"https:\/\/www.heimat-mainburg.de\/wp-content\/uploads\/2017\/06\/Heimat-Quadrat.jpg\",\"contentUrl\":\"https:\/\/www.heimat-mainburg.de\/wp-content\/uploads\/2017\/06\/Heimat-Quadrat.jpg\",\"width\":1479,\"height\":1479,\"caption\":\"HEIMAT Mainburg - Stanglmeier Gastro GbR\"},\"image\":{\"@id\":\"https:\/\/www.heimat-mainburg.de\/#\/schema\/logo\/image\/\"},\"sameAs\":[\"https:\/\/www.facebook.com\/Heimat.Mainburg\/\",\"https:\/\/www.instagram.com\/heimat.mainburg\/\"]}]}<\/script>\n<!-- \/ Yoast SEO plugin. -->","yoast_head_json":{"title":"Allgemeine Gesch\u00e4ftsbedingungen - Heimat Mainburg","robots":{"index":"index","follow":"follow","max-snippet":"max-snippet:-1","max-image-preview":"max-image-preview:large","max-video-preview":"max-video-preview:-1"},"canonical":"https:\/\/www.heimat-mainburg.de\/allgemeine-geschaeftsbedingungen-hotspot\/","og_locale":"en_US","og_type":"article","og_title":"Allgemeine Gesch\u00e4ftsbedingungen - Heimat Mainburg","og_url":"https:\/\/www.heimat-mainburg.de\/allgemeine-geschaeftsbedingungen-hotspot\/","og_site_name":"Heimat Mainburg","article_publisher":"https:\/\/www.facebook.com\/Heimat.Mainburg\/","article_modified_time":"2017-07-07T06:53:15+00:00","twitter_card":"summary_large_image","twitter_misc":{"Est. reading time":"2 minutes"},"schema":{"@context":"https:\/\/schema.org","@graph":[{"@type":"WebPage","@id":"https:\/\/www.heimat-mainburg.de\/allgemeine-geschaeftsbedingungen-hotspot\/","url":"https:\/\/www.heimat-mainburg.de\/allgemeine-geschaeftsbedingungen-hotspot\/","name":"Allgemeine Gesch\u00e4ftsbedingungen - Heimat Mainburg","isPartOf":{"@id":"https:\/\/www.heimat-mainburg.de\/#website"},"datePublished":"2017-07-06T07:47:14+00:00","dateModified":"2017-07-07T06:53:15+00:00","breadcrumb":{"@id":"https:\/\/www.heimat-mainburg.de\/allgemeine-geschaeftsbedingungen-hotspot\/#breadcrumb"},"inLanguage":"en-US","potentialAction":[{"@type":"ReadAction","target":["https:\/\/www.heimat-mainburg.de\/allgemeine-geschaeftsbedingungen-hotspot\/"]}]},{"@type":"BreadcrumbList","@id":"https:\/\/www.heimat-mainburg.de\/allgemeine-geschaeftsbedingungen-hotspot\/#breadcrumb","itemListElement":[{"@type":"ListItem","position":1,"name":"Home","item":"https:\/\/www.heimat-mainburg.de\/"},{"@type":"ListItem","position":2,"name":"Allgemeine Gesch\u00e4ftsbedingungen"}]},{"@type":"WebSite","@id":"https:\/\/www.heimat-mainburg.de\/#website","url":"https:\/\/www.heimat-mainburg.de\/","name":"Heimat Mainburg","description":"","publisher":{"@id":"https:\/\/www.heimat-mainburg.de\/#organization"},"potentialAction":[{"@type":"SearchAction","target":{"@type":"EntryPoint","urlTemplate":"https:\/\/www.heimat-mainburg.de\/?s={search_term_string}"},"query-input":"required name=search_term_string"}],"inLanguage":"en-US"},{"@type":"Organization","@id":"https:\/\/www.heimat-mainburg.de\/#organization","name":"HEIMAT Mainburg - Stanglmeier Gastro GbR","url":"https:\/\/www.heimat-mainburg.de\/","logo":{"@type":"ImageObject","inLanguage":"en-US","@id":"https:\/\/www.heimat-mainburg.de\/#\/schema\/logo\/image\/","url":"https:\/\/www.heimat-mainburg.de\/wp-content\/uploads\/2017\/06\/Heimat-Quadrat.jpg","contentUrl":"https:\/\/www.heimat-mainburg.de\/wp-content\/uploads\/2017\/06\/Heimat-Quadrat.jpg","width":1479,"height":1479,"caption":"HEIMAT Mainburg - Stanglmeier Gastro GbR"},"image":{"@id":"https:\/\/www.heimat-mainburg.de\/#\/schema\/logo\/image\/"},"sameAs":["https:\/\/www.facebook.com\/Heimat.Mainburg\/","https:\/\/www.instagram.com\/heimat.mainburg\/"]}]}},"_links":{"self":[{"href":"https:\/\/www.heimat-mainburg.de\/en\/wp-json\/wp\/v2\/pages\/331"}],"collection":[{"href":"https:\/\/www.heimat-mainburg.de\/en\/wp-json\/wp\/v2\/pages"}],"about":[{"href":"https:\/\/www.heimat-mainburg.de\/en\/wp-json\/wp\/v2\/types\/page"}],"author":[{"embeddable":true,"href":"https:\/\/www.heimat-mainburg.de\/en\/wp-json\/wp\/v2\/users\/1"}],"replies":[{"embeddable":true,"href":"https:\/\/www.heimat-mainburg.de\/en\/wp-json\/wp\/v2\/comments?post=331"}],"version-history":[{"count":6,"href":"https:\/\/www.heimat-mainburg.de\/en\/wp-json\/wp\/v2\/pages\/331\/revisions"}],"predecessor-version":[{"id":481,"href":"https:\/\/www.heimat-mainburg.de\/en\/wp-json\/wp\/v2\/pages\/331\/revisions\/481"}],"wp:attachment":[{"href":"https:\/\/www.heimat-mainburg.de\/en\/wp-json\/wp\/v2\/media?parent=331"}],"curies":[{"name":"wp","href":"https:\/\/api.w.org\/{rel}","templated":true}]}}