{"id":2,"date":"2017-02-28T16:26:22","date_gmt":"2017-02-28T15:26:22","guid":{"rendered":"http:\/\/wp.heimat-mainburg.de\/?page_id=2"},"modified":"2021-11-16T09:30:57","modified_gmt":"2021-11-16T08:30:57","slug":"cafe-bistro","status":"publish","type":"page","link":"https:\/\/www.heimat-mainburg.de\/en\/cafe-bistro\/","title":{"rendered":"Caf\u00e9 &#038; Bistro"},"content":{"rendered":"<h2><strong>HEIMAT ist da, wo Genuss gro\u00df geschrieben wird.<br \/>\n<\/strong><\/h2>\n<p><code id=\"envira_shortcode_id_153\"><div id=\"envira-gallery-wrap-153\" class=\"envira-gallery-wrap envira-gallery-theme-base envira-lightbox-theme-base\" itemscope itemtype=\"https:\/\/schema.org\/ImageGallery\"><div data-row-height=\"\" data-gallery-theme=\"\" id=\"envira-gallery-153\" class=\"envira-gallery-public  envira-gallery-3-columns envira-clear enviratope envira-gallery-css-animations\" data-envira-columns=\"3\"><div id=\"envira-gallery-item-154\" class=\"envira-gallery-item enviratope-item envira-gallery-item-1 envira-lazy-load\" style=\"padding-left: 5px; padding-bottom: 10px; padding-right: 5px;\"  itemscope itemtype=\"https:\/\/schema.org\/ImageObject\"><div class=\"envira-gallery-item-inner\"><div class=\"envira-gallery-position-overlay  envira-gallery-top-left\"><\/div><div class=\"envira-gallery-position-overlay  envira-gallery-top-right\"><\/div><div class=\"envira-gallery-position-overlay  envira-gallery-bottom-left\"><\/div><div class=\"envira-gallery-position-overlay  envira-gallery-bottom-right\"><\/div><a href=\"http:\/\/www.heimat-mainburg.de\/wp-content\/uploads\/2017\/06\/Impressionen-Cafe-Bistro-1-1-e1497281643979.jpg\" class=\"envira-gallery-153 envira-gallery-link\" rel=\"enviragallery153\" title=\"Caf\u00e9 Bistro Heimat\" data-envira-caption=\"Caf\u00e9 Bistro Heimat\" data-envira-retina=\"\" data-thumbnail=\"\"  itemprop=\"contentUrl\"><div class=\"envira-lazy\" data-test-width=\"640\" data-test-height=\"480\" style=\"padding-bottom:75%;\"><img id=\"envira-gallery-image-154\" class=\"envira-gallery-image envira-gallery-image-1\" data-envira-index=\"1\" src=\"https:\/\/www.heimat-mainburg.de\/wp-content\/uploads\/2017\/06\/Impressionen-Cafe-Bistro-1-1-300x200.jpg\" data-envira-src=\"https:\/\/www.heimat-mainburg.de\/wp-content\/uploads\/2017\/06\/Impressionen-Cafe-Bistro-1-1-300x200.jpg\" data-envira-gallery-id=\"153\" data-envira-item-id=\"154\" data-envira-caption=\"Caf\u00e9 Bistro Heimat\" alt=\"Tischarrangement in der Heimat\" title=\"Caf\u00e9 Bistro Heimat\"  itemprop=\"thumbnailUrl\" data-envira-srcset=\"https:\/\/www.heimat-mainburg.de\/wp-content\/uploads\/2017\/06\/Impressionen-Cafe-Bistro-1-1-300x200.jpg 400w,https:\/\/www.heimat-mainburg.de\/wp-content\/uploads\/2017\/06\/Impressionen-Cafe-Bistro-1-1-300x200.jpg 2x\" srcset=\"data:image\/gif;base64,R0lGODlhAQABAIAAAP\/\/\/\/\/\/\/yH5BAEKAAEALAAAAAABAAEAAAICTAEAOw==\" \/><\/div><\/a><\/div><\/div><div id=\"envira-gallery-item-156\" class=\"envira-gallery-item enviratope-item envira-gallery-item-2 envira-lazy-load\" style=\"padding-left: 5px; padding-bottom: 10px; padding-right: 5px;\"  itemscope itemtype=\"https:\/\/schema.org\/ImageObject\"><div class=\"envira-gallery-item-inner\"><div class=\"envira-gallery-position-overlay  envira-gallery-top-left\"><\/div><div class=\"envira-gallery-position-overlay  envira-gallery-top-right\"><\/div><div class=\"envira-gallery-position-overlay  envira-gallery-bottom-left\"><\/div><div class=\"envira-gallery-position-overlay  envira-gallery-bottom-right\"><\/div><a href=\"http:\/\/www.heimat-mainburg.de\/wp-content\/uploads\/2017\/06\/Impressionen-Cafe-Bistro-3-e1497281691924.jpg\" class=\"envira-gallery-153 envira-gallery-link\" rel=\"enviragallery153\" title=\"Caf\u00e9 Bistro Heimat\" data-envira-caption=\"Caf\u00e9 Bistro Heimat\" data-envira-retina=\"\" data-thumbnail=\"\"  itemprop=\"contentUrl\"><div class=\"envira-lazy\" data-test-width=\"640\" data-test-height=\"480\" style=\"padding-bottom:75%;\"><img id=\"envira-gallery-image-156\" class=\"envira-gallery-image envira-gallery-image-2\" data-envira-index=\"2\" src=\"https:\/\/www.heimat-mainburg.de\/wp-content\/uploads\/2017\/06\/Impressionen-Cafe-Bistro-3-300x200.jpg\" data-envira-src=\"https:\/\/www.heimat-mainburg.de\/wp-content\/uploads\/2017\/06\/Impressionen-Cafe-Bistro-3-300x200.jpg\" data-envira-gallery-id=\"153\" data-envira-item-id=\"156\" data-envira-caption=\"Caf\u00e9 Bistro Heimat\" alt=\"Gedeckter Tisch in der Heimat\" title=\"Caf\u00e9 Bistro Heimat\"  itemprop=\"thumbnailUrl\" data-envira-srcset=\"https:\/\/www.heimat-mainburg.de\/wp-content\/uploads\/2017\/06\/Impressionen-Cafe-Bistro-3-300x200.jpg 400w,https:\/\/www.heimat-mainburg.de\/wp-content\/uploads\/2017\/06\/Impressionen-Cafe-Bistro-3-300x200.jpg 2x\" srcset=\"data:image\/gif;base64,R0lGODlhAQABAIAAAP\/\/\/\/\/\/\/yH5BAEKAAEALAAAAAABAAEAAAICTAEAOw==\" \/><\/div><\/a><\/div><\/div><div id=\"envira-gallery-item-155\" class=\"envira-gallery-item enviratope-item envira-gallery-item-3 envira-lazy-load\" style=\"padding-left: 5px; padding-bottom: 10px; padding-right: 5px;\"  itemscope itemtype=\"https:\/\/schema.org\/ImageObject\"><div class=\"envira-gallery-item-inner\"><div class=\"envira-gallery-position-overlay  envira-gallery-top-left\"><\/div><div class=\"envira-gallery-position-overlay  envira-gallery-top-right\"><\/div><div class=\"envira-gallery-position-overlay  envira-gallery-bottom-left\"><\/div><div class=\"envira-gallery-position-overlay  envira-gallery-bottom-right\"><\/div><a href=\"http:\/\/www.heimat-mainburg.de\/wp-content\/uploads\/2017\/06\/Impressionen-Cafe-Bistro-2-e1497281677387.jpg\" class=\"envira-gallery-153 envira-gallery-link\" rel=\"enviragallery153\" title=\"Caf\u00e9 Bistro Heimat\" data-envira-caption=\"Caf\u00e9 Bistro Heimat\" data-envira-retina=\"\" data-thumbnail=\"\"  itemprop=\"contentUrl\"><div class=\"envira-lazy\" data-test-width=\"640\" data-test-height=\"480\" style=\"padding-bottom:75%;\"><img id=\"envira-gallery-image-155\" class=\"envira-gallery-image envira-gallery-image-3\" data-envira-index=\"3\" src=\"https:\/\/www.heimat-mainburg.de\/wp-content\/uploads\/2017\/06\/Impressionen-Cafe-Bistro-2-300x200.jpg\" data-envira-src=\"https:\/\/www.heimat-mainburg.de\/wp-content\/uploads\/2017\/06\/Impressionen-Cafe-Bistro-2-300x200.jpg\" data-envira-gallery-id=\"153\" data-envira-item-id=\"155\" data-envira-caption=\"Caf\u00e9 Bistro Heimat\" alt=\"Der Gastraum in der Heimat\" title=\"Caf\u00e9 Bistro Heimat\"  itemprop=\"thumbnailUrl\" data-envira-srcset=\"https:\/\/www.heimat-mainburg.de\/wp-content\/uploads\/2017\/06\/Impressionen-Cafe-Bistro-2-300x200.jpg 400w,https:\/\/www.heimat-mainburg.de\/wp-content\/uploads\/2017\/06\/Impressionen-Cafe-Bistro-2-300x200.jpg 2x\" srcset=\"data:image\/gif;base64,R0lGODlhAQABAIAAAP\/\/\/\/\/\/\/yH5BAEKAAEALAAAAAABAAEAAAICTAEAOw==\" \/><\/div><\/a><\/div><\/div><\/div><\/div><noscript><img src=\"https:\/\/www.heimat-mainburg.de\/wp-content\/uploads\/2017\/06\/Impressionen-Cafe-Bistro-1-1-e1497281643979.jpg\" alt=\"Tischarrangement in der Heimat\" \/><img src=\"https:\/\/www.heimat-mainburg.de\/wp-content\/uploads\/2017\/06\/Impressionen-Cafe-Bistro-3-e1497281691924.jpg\" alt=\"Gedeckter Tisch in der Heimat\" \/><img src=\"https:\/\/www.heimat-mainburg.de\/wp-content\/uploads\/2017\/06\/Impressionen-Cafe-Bistro-2-e1497281677387.jpg\" alt=\"Der Gastraum in der Heimat\" \/><\/noscript><\/code><\/p>\n<p>Ausgew\u00e4hlte Weine, selbstgemachtes Brot, rare Oliven\u00f6le und leckere Kleinspeisen verlocken zu einem Besuch in der HEIMAT. Dabei spielt es keine Rolle, ob Sie in sch\u00f6nem Ambiente den Feierabend einl\u00e4uten oder Ihre Zeit am liebsten in gem\u00fctlicher Atmosph\u00e4re mit Ihren Freunden verbringen m\u00f6chten. Hier vereinen sich Gem\u00fctlichkeit und Genuss.<\/p>\n<p>Das Wort HEIMAT beschreibt die Beziehung zwischen Mensch und Raum. Mit ihr verbindet man nicht nur einen Ort des Zur\u00fccklehnens, sondern auch ein Gef\u00fchl! Geselligkeit, w\u00e4rmende Gedanken, innere Ruhe, Ausgeglichenheit, Geborgenheit, Gem\u00fctlichkeit und Genuss sollen durch das Konzept des neuen Weinladens, insbesondere mit seiner stilvollen Wohnzimmeratmosph\u00e4re, vermittelt werden.<\/p>\n<p>Unser herzliches HEIMAT-Team l\u00e4sst keine W\u00fcnsche unerf\u00fcllt und besticht durch Gastfreundlichkeit, Spontanit\u00e4t und seine ungezwungene Art. Das Team bilden junge kreative K\u00f6pfe \u2013 sogar eine hauseigene B\u00e4ckerin erg\u00e4nzt einmalig das K\u00fcchenkonzept.<\/p>\n<h4>Unsere Speisekarte<\/h4>\n<p>Hochwertige Zutaten und fein konzipierte Gerichte, einfache Klassiker, sowie aufwendige Kreationen \u2013 serviert mit einem guten Tropfen \u2013 sind das was dem Hallertauer die Freizeit vers\u00fc\u00dfen.<br \/>\n<a href=\"http:\/\/wp.heimat-mainburg.de\/cafe-bistro\/speisekarte\/\">>>HIER ansehen<<<\/a><\/p>\n","protected":false},"excerpt":{"rendered":"<p>HEIMAT ist da, wo Genuss gro\u00df geschrieben wird. Ausgew\u00e4hlte Weine, selbstgemachtes Brot, rare Oliven\u00f6le und leckere Kleinspeisen verlocken zu einem Besuch in der HEIMAT. Dabei spielt es keine Rolle, ob Sie in sch\u00f6nem Ambiente den Feierabend einl\u00e4uten oder Ihre Zeit am liebsten in gem\u00fctlicher Atmosph\u00e4re mit Ihren Freunden verbringen m\u00f6chten. Hier vereinen sich Gem\u00fctlichkeit und [&hellip;]<\/p>\n","protected":false},"author":1,"featured_media":124,"parent":0,"menu_order":0,"comment_status":"closed","ping_status":"open","template":"","meta":[],"translation":{"provider":"WPGlobus","version":"2.10.10","language":"en","enabled_languages":["de","en"],"languages":{"de":{"title":true,"content":true,"excerpt":false},"en":{"title":true,"content":true,"excerpt":false}}},"yoast_head":"<!-- This site is optimized with the Yoast SEO plugin v20.3 - https:\/\/yoast.com\/wordpress\/plugins\/seo\/ -->\n<title>Caf\u00e9 &amp; Bistro - Heimat Mainburg<\/title>\n<meta name=\"robots\" content=\"index, follow, max-snippet:-1, max-image-preview:large, max-video-preview:-1\" \/>\n<link rel=\"canonical\" href=\"https:\/\/www.heimat-mainburg.de\/cafe-bistro\/\" \/>\n<meta property=\"og:locale\" content=\"en_US\" \/>\n<meta property=\"og:type\" content=\"article\" \/>\n<meta property=\"og:title\" content=\"Caf\u00e9 &amp; Bistro - Heimat Mainburg\" \/>\n<meta property=\"og:url\" content=\"https:\/\/www.heimat-mainburg.de\/cafe-bistro\/\" \/>\n<meta property=\"og:site_name\" content=\"Heimat Mainburg\" \/>\n<meta property=\"article:publisher\" content=\"https:\/\/www.facebook.com\/Heimat.Mainburg\/\" \/>\n<meta property=\"article:modified_time\" content=\"2021-11-16T08:30:57+00:00\" \/>\n<meta property=\"og:image\" content=\"https:\/\/www.heimat-mainburg.de\/wp-content\/uploads\/2017\/06\/Heimat-Tischreservierung.jpg\" \/>\n\t<meta property=\"og:image:width\" content=\"2500\" \/>\n\t<meta property=\"og:image:height\" content=\"1667\" \/>\n\t<meta property=\"og:image:type\" content=\"image\/jpeg\" \/>\n<meta name=\"twitter:card\" content=\"summary_large_image\" \/>\n<meta name=\"twitter:label1\" content=\"Est. reading time\" \/>\n\t<meta name=\"twitter:data1\" content=\"2 minutes\" \/>\n<script type=\"application\/ld+json\" class=\"yoast-schema-graph\">{\"@context\":\"https:\/\/schema.org\",\"@graph\":[{\"@type\":\"WebPage\",\"@id\":\"https:\/\/www.heimat-mainburg.de\/cafe-bistro\/\",\"url\":\"https:\/\/www.heimat-mainburg.de\/cafe-bistro\/\",\"name\":\"Caf\u00e9 & Bistro - Heimat Mainburg\",\"isPartOf\":{\"@id\":\"https:\/\/www.heimat-mainburg.de\/#website\"},\"datePublished\":\"2017-02-28T15:26:22+00:00\",\"dateModified\":\"2021-11-16T08:30:57+00:00\",\"description\":\"Ausgew\u00e4hlte Weine, selbstgemachtes Brot, rare Oliven\u00f6le und leckere Kleinspeisen verlocken zu einem Besuch in der HEIMAT. Gem\u00fctlichkeit und Genuss pur!\",\"breadcrumb\":{\"@id\":\"https:\/\/www.heimat-mainburg.de\/cafe-bistro\/#breadcrumb\"},\"inLanguage\":\"en-US\",\"potentialAction\":[{\"@type\":\"ReadAction\",\"target\":[\"https:\/\/www.heimat-mainburg.de\/cafe-bistro\/\"]}]},{\"@type\":\"BreadcrumbList\",\"@id\":\"https:\/\/www.heimat-mainburg.de\/cafe-bistro\/#breadcrumb\",\"itemListElement\":[{\"@type\":\"ListItem\",\"position\":1,\"name\":\"Home\",\"item\":\"https:\/\/www.heimat-mainburg.de\/\"},{\"@type\":\"ListItem\",\"position\":2,\"name\":\"Cafe &#038; Weinbar\"}]},{\"@type\":\"WebSite\",\"@id\":\"https:\/\/www.heimat-mainburg.de\/#website\",\"url\":\"https:\/\/www.heimat-mainburg.de\/\",\"name\":\"Heimat Mainburg\",\"description\":\"\",\"publisher\":{\"@id\":\"https:\/\/www.heimat-mainburg.de\/#organization\"},\"potentialAction\":[{\"@type\":\"SearchAction\",\"target\":{\"@type\":\"EntryPoint\",\"urlTemplate\":\"https:\/\/www.heimat-mainburg.de\/?s={search_term_string}\"},\"query-input\":\"required name=search_term_string\"}],\"inLanguage\":\"en-US\"},{\"@type\":\"Organization\",\"@id\":\"https:\/\/www.heimat-mainburg.de\/#organization\",\"name\":\"HEIMAT Mainburg - Stanglmeier Gastro GbR\",\"url\":\"https:\/\/www.heimat-mainburg.de\/\",\"logo\":{\"@type\":\"ImageObject\",\"inLanguage\":\"en-US\",\"@id\":\"https:\/\/www.heimat-mainburg.de\/#\/schema\/logo\/image\/\",\"url\":\"https:\/\/www.heimat-mainburg.de\/wp-content\/uploads\/2017\/06\/Heimat-Quadrat.jpg\",\"contentUrl\":\"https:\/\/www.heimat-mainburg.de\/wp-content\/uploads\/2017\/06\/Heimat-Quadrat.jpg\",\"width\":1479,\"height\":1479,\"caption\":\"HEIMAT Mainburg - Stanglmeier Gastro GbR\"},\"image\":{\"@id\":\"https:\/\/www.heimat-mainburg.de\/#\/schema\/logo\/image\/\"},\"sameAs\":[\"https:\/\/www.facebook.com\/Heimat.Mainburg\/\",\"https:\/\/www.instagram.com\/heimat.mainburg\/\"]}]}<\/script>\n<!-- \/ Yoast SEO plugin. -->","yoast_head_json":{"title":"Caf\u00e9 & Bistro - Heimat Mainburg","robots":{"index":"index","follow":"follow","max-snippet":"max-snippet:-1","max-image-preview":"max-image-preview:large","max-video-preview":"max-video-preview:-1"},"canonical":"https:\/\/www.heimat-mainburg.de\/cafe-bistro\/","og_locale":"en_US","og_type":"article","og_title":"Caf\u00e9 & Bistro - Heimat Mainburg","og_url":"https:\/\/www.heimat-mainburg.de\/cafe-bistro\/","og_site_name":"Heimat Mainburg","article_publisher":"https:\/\/www.facebook.com\/Heimat.Mainburg\/","article_modified_time":"2021-11-16T08:30:57+00:00","og_image":[{"width":2500,"height":1667,"url":"https:\/\/www.heimat-mainburg.de\/wp-content\/uploads\/2017\/06\/Heimat-Tischreservierung.jpg","type":"image\/jpeg"}],"twitter_card":"summary_large_image","twitter_misc":{"Est. reading time":"2 minutes"},"schema":{"@context":"https:\/\/schema.org","@graph":[{"@type":"WebPage","@id":"https:\/\/www.heimat-mainburg.de\/cafe-bistro\/","url":"https:\/\/www.heimat-mainburg.de\/cafe-bistro\/","name":"Caf\u00e9 & Bistro - Heimat Mainburg","isPartOf":{"@id":"https:\/\/www.heimat-mainburg.de\/#website"},"datePublished":"2017-02-28T15:26:22+00:00","dateModified":"2021-11-16T08:30:57+00:00","description":"Ausgew\u00e4hlte Weine, selbstgemachtes Brot, rare Oliven\u00f6le und leckere Kleinspeisen verlocken zu einem Besuch in der HEIMAT. Gem\u00fctlichkeit und Genuss pur!","breadcrumb":{"@id":"https:\/\/www.heimat-mainburg.de\/cafe-bistro\/#breadcrumb"},"inLanguage":"en-US","potentialAction":[{"@type":"ReadAction","target":["https:\/\/www.heimat-mainburg.de\/cafe-bistro\/"]}]},{"@type":"BreadcrumbList","@id":"https:\/\/www.heimat-mainburg.de\/cafe-bistro\/#breadcrumb","itemListElement":[{"@type":"ListItem","position":1,"name":"Home","item":"https:\/\/www.heimat-mainburg.de\/"},{"@type":"ListItem","position":2,"name":"Cafe &#038; Weinbar"}]},{"@type":"WebSite","@id":"https:\/\/www.heimat-mainburg.de\/#website","url":"https:\/\/www.heimat-mainburg.de\/","name":"Heimat Mainburg","description":"","publisher":{"@id":"https:\/\/www.heimat-mainburg.de\/#organization"},"potentialAction":[{"@type":"SearchAction","target":{"@type":"EntryPoint","urlTemplate":"https:\/\/www.heimat-mainburg.de\/?s={search_term_string}"},"query-input":"required name=search_term_string"}],"inLanguage":"en-US"},{"@type":"Organization","@id":"https:\/\/www.heimat-mainburg.de\/#organization","name":"HEIMAT Mainburg - Stanglmeier Gastro GbR","url":"https:\/\/www.heimat-mainburg.de\/","logo":{"@type":"ImageObject","inLanguage":"en-US","@id":"https:\/\/www.heimat-mainburg.de\/#\/schema\/logo\/image\/","url":"https:\/\/www.heimat-mainburg.de\/wp-content\/uploads\/2017\/06\/Heimat-Quadrat.jpg","contentUrl":"https:\/\/www.heimat-mainburg.de\/wp-content\/uploads\/2017\/06\/Heimat-Quadrat.jpg","width":1479,"height":1479,"caption":"HEIMAT Mainburg - Stanglmeier Gastro GbR"},"image":{"@id":"https:\/\/www.heimat-mainburg.de\/#\/schema\/logo\/image\/"},"sameAs":["https:\/\/www.facebook.com\/Heimat.Mainburg\/","https:\/\/www.instagram.com\/heimat.mainburg\/"]}]}},"_links":{"self":[{"href":"https:\/\/www.heimat-mainburg.de\/en\/wp-json\/wp\/v2\/pages\/2"}],"collection":[{"href":"https:\/\/www.heimat-mainburg.de\/en\/wp-json\/wp\/v2\/pages"}],"about":[{"href":"https:\/\/www.heimat-mainburg.de\/en\/wp-json\/wp\/v2\/types\/page"}],"author":[{"embeddable":true,"href":"https:\/\/www.heimat-mainburg.de\/en\/wp-json\/wp\/v2\/users\/1"}],"replies":[{"embeddable":true,"href":"https:\/\/www.heimat-mainburg.de\/en\/wp-json\/wp\/v2\/comments?post=2"}],"version-history":[{"count":19,"href":"https:\/\/www.heimat-mainburg.de\/en\/wp-json\/wp\/v2\/pages\/2\/revisions"}],"predecessor-version":[{"id":1245,"href":"https:\/\/www.heimat-mainburg.de\/en\/wp-json\/wp\/v2\/pages\/2\/revisions\/1245"}],"wp:featuredmedia":[{"embeddable":true,"href":"https:\/\/www.heimat-mainburg.de\/en\/wp-json\/wp\/v2\/media\/124"}],"wp:attachment":[{"href":"https:\/\/www.heimat-mainburg.de\/en\/wp-json\/wp\/v2\/media?parent=2"}],"curies":[{"name":"wp","href":"https:\/\/api.w.org\/{rel}","templated":true}]}}