{"id":181,"date":"2017-06-06T12:46:42","date_gmt":"2017-06-06T10:46:42","guid":{"rendered":"http:\/\/wp.heimat-mainburg.de\/?page_id=181"},"modified":"2018-04-25T08:40:09","modified_gmt":"2018-04-25T06:40:09","slug":"agb","status":"publish","type":"page","link":"https:\/\/www.heimat-mainburg.de\/en\/hotel\/agb\/","title":{"rendered":"Allgemeine Gesch\u00e4ftsbedingungen"},"content":{"rendered":"<h3>Geltungsbereich<\/h3>\n<ol>\n<li>Diese Gesch\u00e4ftsbedingungen gelten\u00a0 f\u00fcr\u00a0 Vertr\u00e4ge \u00fcber die mietweise\u00a0 \u00dcberlassung\u00a0 von\u00a0 Hotelzimmern\u00a0 zur\u00a0 Beherbergung sowie\u00a0 alle\u00a0 f\u00fcr\u00a0 den\u00a0 Kunden\u00a0 erbrachten\u00a0 weiteren \u00a0Leistungen und Lieferungen des Hotels.<\/li>\n<li>Die Unter- oder Weitervermietung der \u00fcberlassenen Zimmer sowie deren Nutzung zu anderen als Beherbergungszwecken bed\u00fcrfen der vorherigen schriftlichen Zustimmung des Hotels.<\/li>\n<li>Gesch\u00e4ftsbedingungen des Kunden finden nur Anwendung, wenn diese vorher vereinbart wurden.<\/li>\n<\/ol>\n<h3>Vertragsabschlu\u00df, -partner; Verj\u00e4hrung<\/h3>\n<ol>\n<li>Der Vertrag kommt durch die Annahme des Antrags des Kunden durch das\u00a0 Hotel\u00a0 zustande.\u00a0 Dem\u00a0 Hotel steht es frei, die Zimmerbuchung schriftlich zu best\u00e4tigen.<\/li>\n<li>Vertragspartner sind das Hotel und der Kunde. Hat ein Dritter f\u00fcr den Kunden bestellt, haftet er dem Hotel gegen\u00fcber zusammen mit den Kunden als Gesamtschuldner f\u00fcr alle Verpflichtungen aus dem Hotelaufnahmevertrag, sofern dem Hotel eine entsprechende Erkl\u00e4rung des Dritten vorliegt.<\/li>\n<li>Soweit das Hotel im Rahmen des Vertragsverh\u00e4ltnisses Werkleistungen erbringt oder mit dem Kunden Vertr\u00e4ge \u00fcber die Lieferung neu hergestellter Sachen abschlie\u00dft, verj\u00e4hren evtl. Anspr\u00fcche wegen M\u00e4ngel mit Ablauf\u00a0 eines Jahres ab dem gesetzlichen Verj\u00e4hrungsbeginn, f\u00fcr alle\u00a0 \u00fcbrigen Anspr\u00fcche des Kunden betr\u00e4gt die Verj\u00e4hrungsfrist 6 Monate. Vorstehendes gilt nicht im Falle einer Haftung des Hotels f\u00fcr Sch\u00e4den auf der Verletzung des Lebens, des K\u00f6rpers oder der Gesundheit oder der Haftung f\u00fcr sonstige Sch\u00e4den, die auf einer vors\u00e4tzlichen oder grob fahrl\u00e4ssigen Pflichtverletzung des Hotels, seines gesetzlichen Vertreters oder Erf\u00fcllungsgehilfen beruhen; in diesen F\u00e4llen gelten die gesetzlichen Verj\u00e4hrungsfristen.<\/li>\n<\/ol>\n<h3>Leistungen, Preise, Zahlung, Aufrechnung<\/h3>\n<ol>\n<li>Das Hotel ist verpflichtet, die vom Kunden gebuchten Zimmer bereitzuhalten und die vereinbarten Leistungen zu erbringen.<\/li>\n<li>Der Kunde ist verpflichtet, die f\u00fcr die Zimmer\u00fcberlassung und die von ihm in Anspruch genommenen weiteren Leistungen geltenden bzw. vereinbarten Preise des Hotels zu zahlen. Dies gilt auch f\u00fcr vom Kunden veranlasste Leistungen und Auslagen des Hotels an Dritte.<\/li>\n<li>Die vereinbarten Preise schlie\u00dfen die jeweilige gesetzliche Mehrwertsteuer ein.<\/li>\n<li>\u00dcberschreitet der Zeitraum zwischen Vertragsabschluss und Vertragserf\u00fcllung 4 Monate und erh\u00f6ht sich der vom Hotel allgemein f\u00fcr derartige Leistungen berechnete Preis, so kann dieses den vertraglich vereinbarten Preis angemessen, h\u00f6chstens jedoch um 10%, anheben.<\/li>\n<li>Die Preise k\u00f6nnen vom Hotel ferner ge\u00e4ndert werden, wenn der Kunde nachtr\u00e4glich \u00c4nderungen an der Anzahl der gebuchten Zimmer, der Leistung des Hotels oder der Aufenthaltsdauer der G\u00e4ste w\u00fcnscht und das Hotel dem zustimmt.<\/li>\n<li>Rechnungen des Hotels ohne F\u00e4lligkeitsdatum sind binnen 7 Tagen ab Zugang der Rechnung ohne Abzug zahlbar. Das Hotel ist berechtigt, aufgelaufene Forderungen jederzeit f\u00e4llig zustellen und unverz\u00fcglich Zahlung zu verlangen. Bei Zahlungsverzug ist das Hotel berechtigt, Verzugszinsen gem. \u00a7 288 BGB zu berechnen; die Geltendmachung eines weiteren Schadens bleibt vorbehalten.<\/li>\n<li>F\u00fcr jede Mahnung nach Verzugseintritt hat der Kunde Mahnkosten in H\u00f6he von \u20ac 5,- an das Hotel zu erstatten. Der Nachweis, dass keine oder nur wesentlich geringere Kosten entstanden seien, steht dem Kunden frei.<\/li>\n<li>Das Hotel ist berechtigt, bei Vertragsschluss oder danach, unter Ber\u00fccksichtigung der rechtlichen Bestimmungen f\u00fcr Pauschalreisen eine angemessene Vorauszahlung oder Sicherheitsleistung zu verlangen. Die H\u00f6he der Vorauszahlung und die Zahlungstermine k\u00f6nnen im Vertrag schriftlich vereinbart werden.<\/li>\n<li>Liegt der Rechnungsbetrag \u00fcber \u20ac 250,-oder h\u00e4lt sich der Gast l\u00e4nger als 6 Tage im Hotel auf, so ist das Hotel berechtigt, jeweils einzelne Zwischenrechnungen zu stellen und deren Bezahlung vom Gast zu verlangen.<\/li>\n<li>Der Kunde kann nur mit\/wegen einer unstreitigen oder rechtskr\u00e4ftigen Forderung gegen\u00fcber einer Forderung des Hotels aufrechnen oder mindern oder ein Zur\u00fcckbehaltungsrecht geltend machen.<\/li>\n<\/ol>\n<h3>R\u00fccktritt des Kunden (Abbestellung, Stornierung, No Show)<\/h3>\n<ol>\n<li>Ein R\u00fccktritt des Kunden von dem mit dem Hotel geschlossenen Vertrag bedarf der schriftlichen\u00a0 Zustimmung des Hotels. Erfolgt diese nicht, so ist der vereinbarte Preis aus dem Vertrag auch dann zu zahlen, wenn der Kunde vertragliche Leistungen nicht in Anspruch nimmt.<\/li>\n<li>Dies gilt nicht in F\u00e4llen des Leistungsverzuges des Hotels oder einer von ihm zu vertretenden Unm\u00f6glichkeit der Leistungserbringung.<\/li>\n<li>Sofern zwischen dem Hotel und dem Kunden ein Termin zum R\u00fccktritt vom Vertrag\u00a0 schriftlich\u00a0 vereinbart wurde, kann der Kunde bis dahin vom Vertrag zur\u00fccktreten, ohne Zahlungs- oder Schadensersatzanspr\u00fcche des Hotels auszul\u00f6sen. Das R\u00fccktrittsrecht des Kunden erlischt, wenn er nicht bis zum vereinbarten Termin sein Recht zum R\u00fccktritt schriftlich gegen\u00fcber dem Hotel aus\u00fcbt, sofern nicht ein Fall des Leistungsverzuges des Hotels oder eine von ihm zu vertretende Unm\u00f6glichkeit der Leistungserbringung vorliegt.<\/li>\n<li>Bei Stornierungen wird in Rechnung gestellt:<br \/>\n<table width=\"\" align=\"Center\">\n<tbody>\n<tr>\n<td width=\"35%\"><strong>Stornierungszeit<\/strong><\/td>\n<td width=\"35%\"><strong>Anspruch des Hotels (vor Anreisetag)<\/strong><\/td>\n<\/tr>\n<tr>\n<td>Bis 30 Tage<\/td>\n<td>kostenfrei<\/td>\n<\/tr>\n<tr>\n<td>Bis 15 Tage<\/td>\n<td>30% der gebuchten Leistungen<\/td>\n<\/tr>\n<tr>\n<td>Bis 4 Tage<\/td>\n<td>60% der gebuchten Leistungen<\/td>\n<\/tr>\n<tr>\n<td>Ab dem 3. Tag<\/td>\n<td>80% der gebuchten Leistungen*<\/td>\n<\/tr>\n<tr>\n<td>No Shows oder Fr\u00fchabreisen<\/td>\n<td>80% der gebuchten Leistungen<\/td>\n<\/tr>\n<\/tbody>\n<\/table>\n<\/li>\n<li>Dem Hotel steht es frei, den ihm entstehenden und vom Kunden zu ersetzenden Schaden zu pauschalisieren. Der Kunde ist dann verpflichtet, 80% des vertraglich vereinbarten Preises f\u00fcr \u00dcbernachtung mit oder ohne Fr\u00fchst\u00fcck, 70% f\u00fcr Halbpensions- und 60% f\u00fcr Vollpensionsarrangements zu zahlen.<\/li>\n<li>Dem Kunden steht der Nachweis frei, dass kein Schaden entstanden oder der dem Hotel entstandene Schaden niedriger als die geforderte Pauschale ist.<\/li>\n<\/ol>\n<h3>R\u00fccktritt des Hotels<\/h3>\n<ol>\n<li>Sofern ein R\u00fccktrittsrecht des Kunden innerhalb einer bestimmten Frist schriftlich vereinbart wurde, ist das Hotel in diesem Zeitraum seinerseits berechtigt, vom Vertrag zur\u00fcckzutreten, wenn Anfragen anderer Kunden nach den vertraglich gebuchten Zimmern vorliegen und der Kunde auf R\u00fcckfrage des Hotels auf sein Recht zum R\u00fccktritt nicht verzichtet.<\/li>\n<li>Wird eine vereinbarte Vorauszahlung auch nach Verstreichen einer vom Hotel gesetzten angemessenen Nachfrist mit Ablehnungsandrohung nicht geleistet, so ist das Hotel ebenfalls zum R\u00fccktritt vom Vertrag berechtigt.<\/li>\n<li>Ferner ist das Hotel berechtigt, aus sachlich gerechtfertigtem Grund vom Vertrag au\u00dferordentlich zur\u00fcckzutreten, beispielsweise falls -h\u00f6here Gewalt oder andere vom Hotel nicht zu vertretende Umst\u00e4nde die Erf\u00fcllung des Vertrages unm\u00f6glich machen; -Zimmer unter irref\u00fchrender oder falscher Angabe wesentlicher Tatsachen, z.B. in der Person des Kunden oder des Zwecks, gebucht werden; -das Hotel begr\u00fcndeten Anlass zu der Annahme erh\u00e4lt, dass die Inanspruchnahme der Hotelleistung den reibungslosen Gesch\u00e4ftsbetrieb, die Sicherheit oder das Ansehen des Hotels in der \u00d6ffentlichkeit gef\u00e4hrden kann, ohne dass dies dem Herrschafts-bzw. Organisationsbereich des Hotels zuzurechnen ist. -ein Versto\u00df gegen den obigen Abschnitt \u201eGeltungsbereich\u201c Absatz 2 vorliegt.<\/li>\n<li>Das Hotel hat den Veranstalter von der Aus\u00fcbung des R\u00fccktrittrechtsunverz\u00fcglich in Kenntnis zu setzen und die Gegenleistungen des Vertragspartners unverz\u00fcglich zu erstatten.<\/li>\n<li>Es entsteht kein Anspruch des Veranstalters auf Schadensersatz gegen das Hotel, au\u00dfer bei vors\u00e4tzlichem oder grob fahrl\u00e4ssigem Verhalten des Hotels, seines gesetzlichen Vertreters oder Erf\u00fcllungsgehilfen.<\/li>\n<\/ol>\n<h3>Zimmerbereitstellung, -\u00fcbergabe und \u2013R\u00fcckgabe<\/h3>\n<ol>\n<li>Der Kunde erwirbt keinen Anspruch auf die Bereitstellung bestimmter Zimmer.<\/li>\n<li>Gebuchte Zimmer stehen dem Kunden ab 13:00 Uhr des vereinbarten Anreisetages zur Verf\u00fcgung. Der Kunde hat keinen Anspruch auf fr\u00fchere\u00a0 Bereitstellung. Sofern nicht ausdr\u00fccklich eine sp\u00e4tere Ankunftszeit vereinbart oder das betreffende Zimmer vorausbezahlt wurde, hat das Hotel das Recht, gebuchte Zimmer nach 18:00 Uhr anderweitig zu vergeben, ohne dass der Kunde hieraus einen Anspruch gegen das Hotel herleiten kann.<\/li>\n<li>Am vereinbarten Abreisetag sind die Zimmer dem Hotel sp\u00e4testens um 10:00 Uhr ger\u00e4umt zur Verf\u00fcgung zu stellen. Danach kann das Hotel \u00fcber den ihm dadurch entstehenden Schaden hinaus f\u00fcr die zus\u00e4tzliche Nutzung des Zimmers bis 18:00 Uhr 50% des vollen Logispreises (Listenpreises) in Rechnung stellen, ab 18:00 Uhr 100%. Dem Kunden steht es frei, dem Hotel nachzuweisen, dass diesem kein oder ein wesentlich niedrigerer Schaden entstanden ist.<\/li>\n<\/ol>\n<h3>Haftung des Hotels<\/h3>\n<ol>\n<li>Die Haftung des Hotels ist, soweit es sich nicht um wesentliche Vertragspflichten (Kardinalspflichten) im leistungstypischen Bereich handelt, beschr\u00e4nkt auf Sch\u00e4den, die auf Vorsatz oder grobe Fahrl\u00e4ssigkeit des Hotels, seines gesetzlichen Vertreters oder Erf\u00fcllungsgehilfen zur\u00fcckzuf\u00fchren sind; dies gilt nicht im Falle der Haftung f\u00fcr Sch\u00e4den aus der Verletzung des Lebens, des K\u00f6rpers oder der Gesundheit. Sollten St\u00f6rungen oder M\u00e4ngel an den Leistungen des Hotels auftreten, wird das Hotel bei Kenntnis oder auf unverz\u00fcgliche R\u00fcge des Kunden bem\u00fcht sein, f\u00fcr Abhilfe zu sorgen. Der Kunde ist verpflichtet, das ihm Zumutbare beizutragen, um die St\u00f6rung zu beheben oder einen m\u00f6glichen Schaden gering zu halten.<\/li>\n<li>Trifft das Hotel kein Verschulden haftet das Hotel auf Grund des \u00a7 701 nur bis zu einem Betrag, der dem Hundertfachen des Beherbergungspreises f\u00fcr einen Tag entspricht, jedoch mindestens bis zu dem Betrag von 600 \u20ac und h\u00f6chstens bis zu dem Betrag von 3.500 \u20ac; f\u00fcr Geld, Wertpapiere und Kostbarkeiten tritt an die Stelle von 3.500 \u20ac der Betrag von 800 \u20ac.<\/li>\n<li>Die Haftungsanspr\u00fcche erl\u00f6schen, wenn nicht der Kunde unverz\u00fcglich nach Erlangen der Kenntnis von Verlust, Zerst\u00f6rung oder Besch\u00e4digung dem Hotel Anzeige macht (\u00a7 703 BGB)<\/li>\n<li>F\u00fcr die unbeschr\u00e4nkte Haftung des Hotels gelten die gesetzlichen Bestimmungen.<\/li>\n<li>Soweit dem Kunden ein Stellplatz in der Hotelgarage oder auf einem Hotelparkplatz, auch gegen Entgelt, zur Verf\u00fcgung gestellt wird, kommt dadurch kein Verwahrungsvertrag zustande. Bei Abhandenkommen oder Besch\u00e4digung auf dem Hotelgrundst\u00fcck abgestellter oder rangierter Kraftfahrzeuge und deren Inhalte haftet das Hotel nicht, au\u00dfer bei Vorsatz oder grober Fahrl\u00e4ssigkeit. Dies gilt auch f\u00fcr Erf\u00fcllungsgehilfen des Hotels.<\/li>\n<li>Weckauftr\u00e4ge werden vom Hotel mit gr\u00f6\u00dfter Sorgfalt ausgef\u00fchrt. Schadensersatzanspr\u00fcche, au\u00dfer wegen grober Fahrl\u00e4ssigkeit oder Vorsatz, sind ausgeschlossen.<\/li>\n<li>Nachrichten, Post und Warensendungen f\u00fcr die G\u00e4ste werden mit Sorgfalt behandelt. Das Hotel \u00fcbernimmt die Zustellung, Aufbewahrung und &#8211; auf Wunsch \u2013 gegen Entgelt die Nachsendung derselben. Schadensersatzanspr\u00fcche, au\u00dfer wegen grober Fahrl\u00e4ssigkeit oder Vorsatz, sind ausgeschlossen. Mitbringen von Speisen und Getr\u00e4nken Der Kunde darf Speisen und Getr\u00e4nke in den \u00f6ffentlichen Bereichen grunds\u00e4tzlich nicht mitbringen. Ausnahmen bed\u00fcrfen einer schriftlichen Vereinbarung mit dem Hotel. In diesen F\u00e4llen wird ein Beitrag zur Deckung der Gemeinkosten berechnet.<\/li>\n<\/ol>\n<h3>Schlussbestimmungen<\/h3>\n<ol>\n<li>\u00c4nderungen oder Erg\u00e4nzungen des Vertrags, der Antragsannahme oder dieser Gesch\u00e4ftsbedingungen f\u00fcr die Hotelaufnahme sollen schriftlich erfolgen. Einseitige \u00c4nderungen oder Erg\u00e4nzungen durch den Kunden sind unwirksam.<\/li>\n<li>Erf\u00fcllungs- und Zahlungsort ist M\u00fcnchen.<\/li>\n<li>Ausschlie\u00dflicher Gerichtsstand \u2013 auch f\u00fcr Scheck \u2013 und Wechselstreitigkeiten \u2013 ist im kaufm\u00e4nnischen Verkehr der Sitz des Hotels. Sofern ein Vertragspartner die Voraussetzung des \u00a7 38 Absatz 1 ZPO erf\u00fcllt und keinen allgemeinen Gerichtsstand im Inland hat, gilt als Gerichtsstand der Sitz des Hotels.<\/li>\n<li>Es gilt deutsches Recht.<\/li>\n<li>Sollten einzelne Bestimmungen dieser Allgemeinen Gesch\u00e4ftsbedingungen f\u00fcr die Hotelaufnahme unwirksam oder nichtig sein oder werden, so wird dadurch die Wirksamkeit der \u00fcbrigen Bestimmungen nicht ber\u00fchrt. Im \u00dcbrigen gelten die gesetzlichen Vorschriften<\/li>\n<\/ol>\n","protected":false},"excerpt":{"rendered":"<p>Geltungsbereich Diese Gesch\u00e4ftsbedingungen gelten\u00a0 f\u00fcr\u00a0 Vertr\u00e4ge \u00fcber die mietweise\u00a0 \u00dcberlassung\u00a0 von\u00a0 Hotelzimmern\u00a0 zur\u00a0 Beherbergung sowie\u00a0 alle\u00a0 f\u00fcr\u00a0 den\u00a0 Kunden\u00a0 erbrachten\u00a0 weiteren \u00a0Leistungen und Lieferungen des Hotels. Die Unter- oder Weitervermietung der \u00fcberlassenen Zimmer sowie deren Nutzung zu anderen als Beherbergungszwecken bed\u00fcrfen der vorherigen schriftlichen Zustimmung des Hotels. Gesch\u00e4ftsbedingungen des Kunden finden nur Anwendung, wenn diese [&hellip;]<\/p>\n","protected":false},"author":3,"featured_media":0,"parent":9,"menu_order":3,"comment_status":"closed","ping_status":"closed","template":"","meta":[],"translation":{"provider":"WPGlobus","version":"2.10.10","language":"en","enabled_languages":["de","en"],"languages":{"de":{"title":true,"content":true,"excerpt":false},"en":{"title":false,"content":false,"excerpt":false}}},"yoast_head":"<!-- This site is optimized with the Yoast SEO plugin v20.3 - https:\/\/yoast.com\/wordpress\/plugins\/seo\/ -->\n<title>Allgemeine Gesch\u00e4ftsbedingungen - Heimat Mainburg<\/title>\n<meta name=\"robots\" content=\"index, follow, max-snippet:-1, max-image-preview:large, max-video-preview:-1\" \/>\n<link rel=\"canonical\" href=\"https:\/\/www.heimat-mainburg.de\/hotel\/agb\/\" \/>\n<meta property=\"og:locale\" content=\"en_US\" \/>\n<meta property=\"og:type\" content=\"article\" \/>\n<meta property=\"og:title\" content=\"Allgemeine Gesch\u00e4ftsbedingungen - Heimat Mainburg\" \/>\n<meta property=\"og:url\" content=\"https:\/\/www.heimat-mainburg.de\/hotel\/agb\/\" \/>\n<meta property=\"og:site_name\" content=\"Heimat Mainburg\" \/>\n<meta property=\"article:publisher\" content=\"https:\/\/www.facebook.com\/Heimat.Mainburg\/\" \/>\n<meta property=\"article:modified_time\" content=\"2018-04-25T06:40:09+00:00\" \/>\n<meta name=\"twitter:card\" content=\"summary_large_image\" \/>\n<meta name=\"twitter:label1\" content=\"Est. reading time\" \/>\n\t<meta name=\"twitter:data1\" content=\"9 minutes\" \/>\n<script type=\"application\/ld+json\" class=\"yoast-schema-graph\">{\"@context\":\"https:\/\/schema.org\",\"@graph\":[{\"@type\":\"WebPage\",\"@id\":\"https:\/\/www.heimat-mainburg.de\/hotel\/agb\/\",\"url\":\"https:\/\/www.heimat-mainburg.de\/hotel\/agb\/\",\"name\":\"Allgemeine Gesch\u00e4ftsbedingungen - Heimat Mainburg\",\"isPartOf\":{\"@id\":\"https:\/\/www.heimat-mainburg.de\/#website\"},\"datePublished\":\"2017-06-06T10:46:42+00:00\",\"dateModified\":\"2018-04-25T06:40:09+00:00\",\"breadcrumb\":{\"@id\":\"https:\/\/www.heimat-mainburg.de\/hotel\/agb\/#breadcrumb\"},\"inLanguage\":\"en-US\",\"potentialAction\":[{\"@type\":\"ReadAction\",\"target\":[\"https:\/\/www.heimat-mainburg.de\/hotel\/agb\/\"]}]},{\"@type\":\"BreadcrumbList\",\"@id\":\"https:\/\/www.heimat-mainburg.de\/hotel\/agb\/#breadcrumb\",\"itemListElement\":[{\"@type\":\"ListItem\",\"position\":1,\"name\":\"Home\",\"item\":\"https:\/\/www.heimat-mainburg.de\/\"},{\"@type\":\"ListItem\",\"position\":2,\"name\":\"Hotel\",\"item\":\"https:\/\/www.heimat-mainburg.de\/hotel\/\"},{\"@type\":\"ListItem\",\"position\":3,\"name\":\"Allgemeine Gesch\u00e4ftsbedingungen\"}]},{\"@type\":\"WebSite\",\"@id\":\"https:\/\/www.heimat-mainburg.de\/#website\",\"url\":\"https:\/\/www.heimat-mainburg.de\/\",\"name\":\"Heimat Mainburg\",\"description\":\"\",\"publisher\":{\"@id\":\"https:\/\/www.heimat-mainburg.de\/#organization\"},\"potentialAction\":[{\"@type\":\"SearchAction\",\"target\":{\"@type\":\"EntryPoint\",\"urlTemplate\":\"https:\/\/www.heimat-mainburg.de\/?s={search_term_string}\"},\"query-input\":\"required name=search_term_string\"}],\"inLanguage\":\"en-US\"},{\"@type\":\"Organization\",\"@id\":\"https:\/\/www.heimat-mainburg.de\/#organization\",\"name\":\"HEIMAT Mainburg - Stanglmeier Gastro GbR\",\"url\":\"https:\/\/www.heimat-mainburg.de\/\",\"logo\":{\"@type\":\"ImageObject\",\"inLanguage\":\"en-US\",\"@id\":\"https:\/\/www.heimat-mainburg.de\/#\/schema\/logo\/image\/\",\"url\":\"https:\/\/www.heimat-mainburg.de\/wp-content\/uploads\/2017\/06\/Heimat-Quadrat.jpg\",\"contentUrl\":\"https:\/\/www.heimat-mainburg.de\/wp-content\/uploads\/2017\/06\/Heimat-Quadrat.jpg\",\"width\":1479,\"height\":1479,\"caption\":\"HEIMAT Mainburg - Stanglmeier Gastro GbR\"},\"image\":{\"@id\":\"https:\/\/www.heimat-mainburg.de\/#\/schema\/logo\/image\/\"},\"sameAs\":[\"https:\/\/www.facebook.com\/Heimat.Mainburg\/\",\"https:\/\/www.instagram.com\/heimat.mainburg\/\"]}]}<\/script>\n<!-- \/ Yoast SEO plugin. -->","yoast_head_json":{"title":"Allgemeine Gesch\u00e4ftsbedingungen - Heimat Mainburg","robots":{"index":"index","follow":"follow","max-snippet":"max-snippet:-1","max-image-preview":"max-image-preview:large","max-video-preview":"max-video-preview:-1"},"canonical":"https:\/\/www.heimat-mainburg.de\/hotel\/agb\/","og_locale":"en_US","og_type":"article","og_title":"Allgemeine Gesch\u00e4ftsbedingungen - Heimat Mainburg","og_url":"https:\/\/www.heimat-mainburg.de\/hotel\/agb\/","og_site_name":"Heimat Mainburg","article_publisher":"https:\/\/www.facebook.com\/Heimat.Mainburg\/","article_modified_time":"2018-04-25T06:40:09+00:00","twitter_card":"summary_large_image","twitter_misc":{"Est. reading time":"9 minutes"},"schema":{"@context":"https:\/\/schema.org","@graph":[{"@type":"WebPage","@id":"https:\/\/www.heimat-mainburg.de\/hotel\/agb\/","url":"https:\/\/www.heimat-mainburg.de\/hotel\/agb\/","name":"Allgemeine Gesch\u00e4ftsbedingungen - Heimat Mainburg","isPartOf":{"@id":"https:\/\/www.heimat-mainburg.de\/#website"},"datePublished":"2017-06-06T10:46:42+00:00","dateModified":"2018-04-25T06:40:09+00:00","breadcrumb":{"@id":"https:\/\/www.heimat-mainburg.de\/hotel\/agb\/#breadcrumb"},"inLanguage":"en-US","potentialAction":[{"@type":"ReadAction","target":["https:\/\/www.heimat-mainburg.de\/hotel\/agb\/"]}]},{"@type":"BreadcrumbList","@id":"https:\/\/www.heimat-mainburg.de\/hotel\/agb\/#breadcrumb","itemListElement":[{"@type":"ListItem","position":1,"name":"Home","item":"https:\/\/www.heimat-mainburg.de\/"},{"@type":"ListItem","position":2,"name":"Hotel","item":"https:\/\/www.heimat-mainburg.de\/hotel\/"},{"@type":"ListItem","position":3,"name":"Allgemeine Gesch\u00e4ftsbedingungen"}]},{"@type":"WebSite","@id":"https:\/\/www.heimat-mainburg.de\/#website","url":"https:\/\/www.heimat-mainburg.de\/","name":"Heimat Mainburg","description":"","publisher":{"@id":"https:\/\/www.heimat-mainburg.de\/#organization"},"potentialAction":[{"@type":"SearchAction","target":{"@type":"EntryPoint","urlTemplate":"https:\/\/www.heimat-mainburg.de\/?s={search_term_string}"},"query-input":"required name=search_term_string"}],"inLanguage":"en-US"},{"@type":"Organization","@id":"https:\/\/www.heimat-mainburg.de\/#organization","name":"HEIMAT Mainburg - Stanglmeier Gastro GbR","url":"https:\/\/www.heimat-mainburg.de\/","logo":{"@type":"ImageObject","inLanguage":"en-US","@id":"https:\/\/www.heimat-mainburg.de\/#\/schema\/logo\/image\/","url":"https:\/\/www.heimat-mainburg.de\/wp-content\/uploads\/2017\/06\/Heimat-Quadrat.jpg","contentUrl":"https:\/\/www.heimat-mainburg.de\/wp-content\/uploads\/2017\/06\/Heimat-Quadrat.jpg","width":1479,"height":1479,"caption":"HEIMAT Mainburg - Stanglmeier Gastro GbR"},"image":{"@id":"https:\/\/www.heimat-mainburg.de\/#\/schema\/logo\/image\/"},"sameAs":["https:\/\/www.facebook.com\/Heimat.Mainburg\/","https:\/\/www.instagram.com\/heimat.mainburg\/"]}]}},"_links":{"self":[{"href":"https:\/\/www.heimat-mainburg.de\/en\/wp-json\/wp\/v2\/pages\/181"}],"collection":[{"href":"https:\/\/www.heimat-mainburg.de\/en\/wp-json\/wp\/v2\/pages"}],"about":[{"href":"https:\/\/www.heimat-mainburg.de\/en\/wp-json\/wp\/v2\/types\/page"}],"author":[{"embeddable":true,"href":"https:\/\/www.heimat-mainburg.de\/en\/wp-json\/wp\/v2\/users\/3"}],"replies":[{"embeddable":true,"href":"https:\/\/www.heimat-mainburg.de\/en\/wp-json\/wp\/v2\/comments?post=181"}],"version-history":[{"count":13,"href":"https:\/\/www.heimat-mainburg.de\/en\/wp-json\/wp\/v2\/pages\/181\/revisions"}],"predecessor-version":[{"id":726,"href":"https:\/\/www.heimat-mainburg.de\/en\/wp-json\/wp\/v2\/pages\/181\/revisions\/726"}],"up":[{"embeddable":true,"href":"https:\/\/www.heimat-mainburg.de\/en\/wp-json\/wp\/v2\/pages\/9"}],"wp:attachment":[{"href":"https:\/\/www.heimat-mainburg.de\/en\/wp-json\/wp\/v2\/media?parent=181"}],"curies":[{"name":"wp","href":"https:\/\/api.w.org\/{rel}","templated":true}]}}