{"id":132,"date":"2017-06-02T15:33:25","date_gmt":"2017-06-02T13:33:25","guid":{"rendered":"http:\/\/wp.heimat-mainburg.de\/?page_id=132"},"modified":"2017-06-02T15:34:26","modified_gmt":"2017-06-02T13:34:26","slug":"kontakt","status":"publish","type":"page","link":"https:\/\/www.heimat-mainburg.de\/en\/kontakt\/","title":{"rendered":"Kontakt"},"content":{"rendered":"\n\n<!-- Fast Secure Contact Form plugin 4.0.52 - begin - FastSecureContactForm.com -->\n<div class=\"fscf-div-clear\"><\/div>\n\n<div id=\"FSContact2\" class=\"fscf-div-form\">\n<form action=\"https:\/\/www.heimat-mainburg.de\/en\/wp-json\/wp\/v2\/pages\/132#FSContact2\" id=\"fscf_form2\" method=\"post\">\n\n<div id=\"fscf_required2\">\n  <span class=\"fscf-required-indicator\">*<\/span> <span class=\"fscf-required-text\">Pflichtfelder<\/span>\n<\/div>\n\n\n<div id=\"fscf_div_clear2_0\" class=\"fscf-div-clear\">\n  <div id=\"fscf_div_field2_0\" class=\"fscf-div-field-left\">\n    <div class=\"fscf-div-label\">\n      <label class=\"fscf-label\" for=\"fscf_name2\">Name:<span class=\"fscf-required-indicator\">*<\/span><\/label>\n    <\/div>\n    <div class=\"fscf-div-field\">\n      <input class=\"fscf-input-text\" type=\"text\" id=\"fscf_name2\" name=\"full_name\" value=\"\"  readonly=\"readonly\" \/>\n    <\/div>\n  <\/div>\n<\/div>\n\n<div id=\"fscf_div_clear2_1\" class=\"fscf-div-clear\">\n  <div id=\"fscf_div_field2_1\" class=\"fscf-div-field-left\">\n    <div class=\"fscf-div-label\">\n      <label class=\"fscf-label\" for=\"fscf_email2\">Email:<span class=\"fscf-required-indicator\">*<\/span><\/label>\n    <\/div>\n    <div class=\"fscf-div-field\">\n      <input class=\"fscf-input-text\" type=\"text\" id=\"fscf_email2\" name=\"email\" value=\"\"  readonly=\"readonly\" \/>\n    <\/div>\n  <\/div>\n<\/div>\n\n<div id=\"fscf_div_clear2_2\" class=\"fscf-div-clear\">\n  <div id=\"fscf_div_field2_2\" class=\"fscf-div-field-left\">\n    <div class=\"fscf-div-label\">\n      <label class=\"fscf-label\" for=\"fscf_field2_2\">Subject:<span class=\"fscf-required-indicator\">*<\/span><\/label>\n    <\/div>\n    <div class=\"fscf-div-field\">\n      <input class=\"fscf-input-text\" type=\"text\" id=\"fscf_field2_2\" name=\"subject\" value=\"\"  \/>\n    <\/div>\n  <\/div>\n<\/div>\n\n<div id=\"fscf_div_clear2_3\" class=\"fscf-div-clear\">\n  <div id=\"fscf_div_field2_3\" class=\"fscf-div-field-left\">\n    <div class=\"fscf-div-label\">\n      <label class=\"fscf-label\" for=\"fscf_field2_3\">Message:<span class=\"fscf-required-indicator\">*<\/span><\/label>\n    <\/div>\n    <div class=\"fscf-div-field\">\n      <textarea class=\"fscf-input-textarea\" id=\"fscf_field2_3\" name=\"message\" cols=\"30\" rows=\"10\" ><\/textarea>\n    <\/div>\n  <\/div>\n<\/div>\n\n<div id=\"fscf_div_clear2_4\" class=\"fscf-div-clear\">\n  <div id=\"fscf_div_field2_4\" class=\"fscf-div-field-left\">\n    <div  id=\"fscf_label2_4\" class=\"fscf-div-label\">\n    <\/div>\n    <div class=\"fscf-div-field\">\n      <span><input type=\"checkbox\" class=\"fscf-input-checkbox\" id=\"fscf_field2_4\" name=\"Datenschutzhinweis\" value=\"1\" \/> <label style=\"dscheckbox\" for=\"fscf_field2_4\">Datenschutzhinweis:<span class=\"fscf-required-indicator\">*<\/span><\/label><\/span>\n    <\/div>\n\n    <div class=\"fscf-div-clear\"><\/div>\n<div id=\"dsmeldung\">Ihre Angaben werden nur zwecks Bearbeitung dieser Anfrage und f\u00fcr den Fall von Anschlussfragen bei uns gespeichert. Diese Daten geben wir nicht weiter. Die von Ihnen eingegebenen Daten verbleiben bei uns, bis Sie uns zur L\u00f6schung auffordern, Ihre Einwilligung zur Speicherung widerrufen oder der Zweck f\u00fcr die Datenspeicherung entf\u00e4llt (z.B. nach abgeschlossener Bearbeitung Ihrer Anfrage). Zwingende gesetzliche Bestimmungen \u2013 insbesondere Aufbewahrungsfristen \u2013 bleiben unber\u00fchrt.\r\n<a href=\"\/datenschutz\">...zur Datenschutzerkl\u00e4rung<\/a><\/div>\n\n  <\/div>\n<\/div>\n<div class=\"fscf-div-clear\"><\/div>\n        \n<div style=\"display:none;\">\n     <label for=\"address2\"><small>Leave this field empty<\/small><\/label>\n     <input type=\"text\" name=\"address\" id=\"address2\" value=\"\" \/>\n<\/div>\n\n<div id=\"fscf_submit_div2\" class=\"fscf-div-submit\">\n\t\t<input type=\"submit\" id=\"fscf_submit2\" class=\"fscf-button-submit\" value=\"Submit\"  onclick=\"this.disabled=true; this.value='Submitting...'; this.form.submit();\" \/> \n<\/div>\n\n<input type=\"hidden\" name=\"fscf_submitted\" value=\"0\" \/>\n<input type=\"hidden\" name=\"fs_postonce_2\" value=\"a741c1c726e71578bf7fd2e66126420b,1778430045\" \/>\n<input type=\"hidden\" name=\"si_contact_action\" value=\"send\" \/>\n<input type=\"hidden\" name=\"form_id\" value=\"2\" \/>\n<input type=\"hidden\" name=\"mailto_id\" value=\"1\" \/>\n\n<\/form>\n<\/div>\n<div class=\"fscf-div-clear\"><\/div>\n\n<!-- Fast Secure Contact Form plugin 4.0.52 - end - FastSecureContactForm.com -->\n\n","protected":false},"excerpt":{"rendered":"","protected":false},"author":3,"featured_media":0,"parent":0,"menu_order":0,"comment_status":"closed","ping_status":"closed","template":"","meta":[],"translation":{"provider":"WPGlobus","version":"2.10.10","language":"en","enabled_languages":["de","en"],"languages":{"de":{"title":true,"content":true,"excerpt":false},"en":{"title":false,"content":false,"excerpt":false}}},"yoast_head":"<!-- This site is optimized with the Yoast SEO plugin v20.3 - https:\/\/yoast.com\/wordpress\/plugins\/seo\/ -->\n<title>Kontakt - Heimat Mainburg<\/title>\n<meta name=\"robots\" content=\"index, follow, max-snippet:-1, max-image-preview:large, max-video-preview:-1\" \/>\n<link rel=\"canonical\" href=\"https:\/\/www.heimat-mainburg.de\/kontakt\/\" \/>\n<meta property=\"og:locale\" content=\"en_US\" \/>\n<meta property=\"og:type\" content=\"article\" \/>\n<meta property=\"og:title\" content=\"Kontakt - Heimat Mainburg\" \/>\n<meta property=\"og:url\" content=\"https:\/\/www.heimat-mainburg.de\/kontakt\/\" \/>\n<meta property=\"og:site_name\" content=\"Heimat Mainburg\" \/>\n<meta property=\"article:publisher\" content=\"https:\/\/www.facebook.com\/Heimat.Mainburg\/\" \/>\n<meta property=\"article:modified_time\" content=\"2017-06-02T13:34:26+00:00\" \/>\n<meta name=\"twitter:card\" content=\"summary_large_image\" \/>\n<script type=\"application\/ld+json\" class=\"yoast-schema-graph\">{\"@context\":\"https:\/\/schema.org\",\"@graph\":[{\"@type\":\"WebPage\",\"@id\":\"https:\/\/www.heimat-mainburg.de\/kontakt\/\",\"url\":\"https:\/\/www.heimat-mainburg.de\/kontakt\/\",\"name\":\"Kontakt - Heimat Mainburg\",\"isPartOf\":{\"@id\":\"https:\/\/www.heimat-mainburg.de\/#website\"},\"datePublished\":\"2017-06-02T13:33:25+00:00\",\"dateModified\":\"2017-06-02T13:34:26+00:00\",\"breadcrumb\":{\"@id\":\"https:\/\/www.heimat-mainburg.de\/kontakt\/#breadcrumb\"},\"inLanguage\":\"en-US\",\"potentialAction\":[{\"@type\":\"ReadAction\",\"target\":[\"https:\/\/www.heimat-mainburg.de\/kontakt\/\"]}]},{\"@type\":\"BreadcrumbList\",\"@id\":\"https:\/\/www.heimat-mainburg.de\/kontakt\/#breadcrumb\",\"itemListElement\":[{\"@type\":\"ListItem\",\"position\":1,\"name\":\"Home\",\"item\":\"https:\/\/www.heimat-mainburg.de\/\"},{\"@type\":\"ListItem\",\"position\":2,\"name\":\"Kontakt\"}]},{\"@type\":\"WebSite\",\"@id\":\"https:\/\/www.heimat-mainburg.de\/#website\",\"url\":\"https:\/\/www.heimat-mainburg.de\/\",\"name\":\"Heimat Mainburg\",\"description\":\"\",\"publisher\":{\"@id\":\"https:\/\/www.heimat-mainburg.de\/#organization\"},\"potentialAction\":[{\"@type\":\"SearchAction\",\"target\":{\"@type\":\"EntryPoint\",\"urlTemplate\":\"https:\/\/www.heimat-mainburg.de\/?s={search_term_string}\"},\"query-input\":\"required name=search_term_string\"}],\"inLanguage\":\"en-US\"},{\"@type\":\"Organization\",\"@id\":\"https:\/\/www.heimat-mainburg.de\/#organization\",\"name\":\"HEIMAT Mainburg - Stanglmeier Gastro GbR\",\"url\":\"https:\/\/www.heimat-mainburg.de\/\",\"logo\":{\"@type\":\"ImageObject\",\"inLanguage\":\"en-US\",\"@id\":\"https:\/\/www.heimat-mainburg.de\/#\/schema\/logo\/image\/\",\"url\":\"https:\/\/www.heimat-mainburg.de\/wp-content\/uploads\/2017\/06\/Heimat-Quadrat.jpg\",\"contentUrl\":\"https:\/\/www.heimat-mainburg.de\/wp-content\/uploads\/2017\/06\/Heimat-Quadrat.jpg\",\"width\":1479,\"height\":1479,\"caption\":\"HEIMAT Mainburg - Stanglmeier Gastro GbR\"},\"image\":{\"@id\":\"https:\/\/www.heimat-mainburg.de\/#\/schema\/logo\/image\/\"},\"sameAs\":[\"https:\/\/www.facebook.com\/Heimat.Mainburg\/\",\"https:\/\/www.instagram.com\/heimat.mainburg\/\"]}]}<\/script>\n<!-- \/ Yoast SEO plugin. -->","yoast_head_json":{"title":"Kontakt - Heimat Mainburg","robots":{"index":"index","follow":"follow","max-snippet":"max-snippet:-1","max-image-preview":"max-image-preview:large","max-video-preview":"max-video-preview:-1"},"canonical":"https:\/\/www.heimat-mainburg.de\/kontakt\/","og_locale":"en_US","og_type":"article","og_title":"Kontakt - Heimat Mainburg","og_url":"https:\/\/www.heimat-mainburg.de\/kontakt\/","og_site_name":"Heimat Mainburg","article_publisher":"https:\/\/www.facebook.com\/Heimat.Mainburg\/","article_modified_time":"2017-06-02T13:34:26+00:00","twitter_card":"summary_large_image","schema":{"@context":"https:\/\/schema.org","@graph":[{"@type":"WebPage","@id":"https:\/\/www.heimat-mainburg.de\/kontakt\/","url":"https:\/\/www.heimat-mainburg.de\/kontakt\/","name":"Kontakt - Heimat Mainburg","isPartOf":{"@id":"https:\/\/www.heimat-mainburg.de\/#website"},"datePublished":"2017-06-02T13:33:25+00:00","dateModified":"2017-06-02T13:34:26+00:00","breadcrumb":{"@id":"https:\/\/www.heimat-mainburg.de\/kontakt\/#breadcrumb"},"inLanguage":"en-US","potentialAction":[{"@type":"ReadAction","target":["https:\/\/www.heimat-mainburg.de\/kontakt\/"]}]},{"@type":"BreadcrumbList","@id":"https:\/\/www.heimat-mainburg.de\/kontakt\/#breadcrumb","itemListElement":[{"@type":"ListItem","position":1,"name":"Home","item":"https:\/\/www.heimat-mainburg.de\/"},{"@type":"ListItem","position":2,"name":"Kontakt"}]},{"@type":"WebSite","@id":"https:\/\/www.heimat-mainburg.de\/#website","url":"https:\/\/www.heimat-mainburg.de\/","name":"Heimat Mainburg","description":"","publisher":{"@id":"https:\/\/www.heimat-mainburg.de\/#organization"},"potentialAction":[{"@type":"SearchAction","target":{"@type":"EntryPoint","urlTemplate":"https:\/\/www.heimat-mainburg.de\/?s={search_term_string}"},"query-input":"required name=search_term_string"}],"inLanguage":"en-US"},{"@type":"Organization","@id":"https:\/\/www.heimat-mainburg.de\/#organization","name":"HEIMAT Mainburg - Stanglmeier Gastro GbR","url":"https:\/\/www.heimat-mainburg.de\/","logo":{"@type":"ImageObject","inLanguage":"en-US","@id":"https:\/\/www.heimat-mainburg.de\/#\/schema\/logo\/image\/","url":"https:\/\/www.heimat-mainburg.de\/wp-content\/uploads\/2017\/06\/Heimat-Quadrat.jpg","contentUrl":"https:\/\/www.heimat-mainburg.de\/wp-content\/uploads\/2017\/06\/Heimat-Quadrat.jpg","width":1479,"height":1479,"caption":"HEIMAT Mainburg - Stanglmeier Gastro GbR"},"image":{"@id":"https:\/\/www.heimat-mainburg.de\/#\/schema\/logo\/image\/"},"sameAs":["https:\/\/www.facebook.com\/Heimat.Mainburg\/","https:\/\/www.instagram.com\/heimat.mainburg\/"]}]}},"_links":{"self":[{"href":"https:\/\/www.heimat-mainburg.de\/en\/wp-json\/wp\/v2\/pages\/132"}],"collection":[{"href":"https:\/\/www.heimat-mainburg.de\/en\/wp-json\/wp\/v2\/pages"}],"about":[{"href":"https:\/\/www.heimat-mainburg.de\/en\/wp-json\/wp\/v2\/types\/page"}],"author":[{"embeddable":true,"href":"https:\/\/www.heimat-mainburg.de\/en\/wp-json\/wp\/v2\/users\/3"}],"replies":[{"embeddable":true,"href":"https:\/\/www.heimat-mainburg.de\/en\/wp-json\/wp\/v2\/comments?post=132"}],"version-history":[{"count":2,"href":"https:\/\/www.heimat-mainburg.de\/en\/wp-json\/wp\/v2\/pages\/132\/revisions"}],"predecessor-version":[{"id":1313,"href":"https:\/\/www.heimat-mainburg.de\/en\/wp-json\/wp\/v2\/pages\/132\/revisions\/1313"}],"wp:attachment":[{"href":"https:\/\/www.heimat-mainburg.de\/en\/wp-json\/wp\/v2\/media?parent=132"}],"curies":[{"name":"wp","href":"https:\/\/api.w.org\/{rel}","templated":true}]}}